{"id":98,"date":"2014-12-08T19:48:08","date_gmt":"2014-12-08T19:48:08","guid":{"rendered":"http:\/\/dev.austrinus.com\/?page_id=98"},"modified":"2025-01-27T15:36:33","modified_gmt":"2025-01-27T18:36:33","slug":"observacion","status":"publish","type":"page","link":"https:\/\/austrinus.com\/en\/observacion\/","title":{"rendered":"Observation"},"content":{"rendered":"<p align=\"justify\">Observing the night sky is the main activity of a professional or amateur astronomer. Although modern astronomy contemplates many other types of observations (e.g. solar) and through technologies that go beyond the optical range (e.g. radio telescopes, infrared range, etc.), this science will continue to be defined by exploring all the objects and phenomena that occur In the universe. For a <img loading=\"lazy\" decoding=\"async\" class=\"wp-image-6403 alignright\" src=\"http:\/\/austrinus.com\/wp-content\/uploads\/2022\/11\/banner-observacion-300x175.jpg\" alt=\"\" width=\"350\" height=\"204\" srcset=\"https:\/\/austrinus.com\/wp-content\/uploads\/2022\/11\/banner-observacion-300x175.jpg 300w, https:\/\/austrinus.com\/wp-content\/uploads\/2022\/11\/banner-observacion.jpg 600w\" sizes=\"auto, (max-width: 350px) 100vw, 350px\" \/>amateur, astronomical observation can be restricted to the most common element, which is whether or not to own an optical instrument.<\/p>\n<p align=\"justify\">This section attempts to address everything that refers to observation, whether with the naked eye or supported by instruments, and directed at different objectives, but if you do not know the basic concepts or notions of celestial orientation, I recommend you visit <a href=\"http:\/\/austrinus.com\/astronomia-posicion\">position astronomy<\/a>, as well as <a href=\"http:\/\/austrinus.com\/personal\/observaciones\/\">my observations<\/a>, where I summarize the main activities I do, my equipment, etc.<\/p>\n<p><strong>What can I know about astronomy just by observing?<\/strong><\/p>\n<figure id=\"attachment_6930\" aria-describedby=\"caption-attachment-6930\" style=\"width: 300px\" class=\"wp-caption alignright\"><img loading=\"lazy\" decoding=\"async\" class=\"wp-image-6930 size-medium\" src=\"http:\/\/austrinus.com\/wp-content\/uploads\/2022\/11\/debunk-chichen-itza-300x200.jpg\" alt=\"\" width=\"300\" height=\"200\" srcset=\"https:\/\/austrinus.com\/wp-content\/uploads\/2022\/11\/debunk-chichen-itza-300x200.jpg 300w, https:\/\/austrinus.com\/wp-content\/uploads\/2022\/11\/debunk-chichen-itza-768x512.jpg 768w, https:\/\/austrinus.com\/wp-content\/uploads\/2022\/11\/debunk-chichen-itza-600x400.jpg 600w, https:\/\/austrinus.com\/wp-content\/uploads\/2022\/11\/debunk-chichen-itza.jpg 800w\" sizes=\"auto, (max-width: 300px) 100vw, 300px\" \/><figcaption id=\"caption-attachment-6930\" class=\"wp-caption-text\">The Mayan civilization made outstanding discoveries by observing the night sky with the naked eye. This image shows the Kukulc\u00e1n Castle, in Chich\u00e9n Itz\u00e1.<\/figcaption><\/figure>\n<p align=\"justify\">Observation is a very satisfactory practice, since it not only allows us to contemplate the wonders of the sky, but also to deduce, from constant and patient monitoring, many phenomena that encompass the nature of the Solar System, planetary movements and the position of the Earth. in the space. This type of observation <em>It was practiced by ancient cultures that were dedicated to astronomy<\/em> (e.g. Greeks, Egyptians, Aztecs, Mayans, etc.), and it is still worth trying today, as it allows you to have greater context and familiarity with the night sky before exploring it with an optical instrument. Keep in mind, however, that <em>They took much longer to discover the same thing as you.<\/em>, so whatever takes you days or weeks, took them months or several years.<\/p>\n<p align=\"justify\">This is what is called &quot;<strong>astronomy without telescope<\/strong>\u00ab, or simply \u00ab<em>to the naked eye<\/em>\u00ab. Because visual observation often involves measuring or estimating positional changes in the stars, <a href=\"http:\/\/austrinus.com\/astronomia-posicion\">position astronomy<\/a> houses a couple of subsections (\u00ab<a href=\"http:\/\/austrinus.com\/astronomia-posicion\/astronomia-dia\/\">Astronomy by day<\/a>&quot; and &quot;<a href=\"http:\/\/austrinus.com\/astronomia-posicion\/astronomia-noche\/\">Astronomy at night<\/a>\u00ab) which, although related to observation, emphasize the positional component to reach a result. The subsections presented here, instead, emphasize the observational process, related instruments, tricks and observation objectives, such as certain celestial phenomena and constellations.<\/p>","protected":false},"excerpt":{"rendered":"<p>Observing the night sky is the main activity of a professional or amateur astronomer. Although modern astronomy contemplates many other types of observations (e.g. solar) and through technologies that go beyond the optical range (e.g. radio telescopes, infrared range, etc.), this science will continue to be defined by exploring all the objects and phenomena that occur \u2026<\/p>","protected":false},"author":1,"featured_media":6915,"parent":0,"menu_order":0,"comment_status":"closed","ping_status":"closed","template":"","meta":{"_uag_custom_page_level_css":"","footnotes":""},"class_list":["post-98","page","type-page","status-publish","has-post-thumbnail","hentry"],"magazineBlocksPostFeaturedMedia":{"thumbnail":"https:\/\/austrinus.com\/wp-content\/uploads\/2022\/11\/observation-banner-150x150.jpg","medium":"https:\/\/austrinus.com\/wp-content\/uploads\/2022\/11\/observation-banner-300x200.jpg","medium_large":"https:\/\/austrinus.com\/wp-content\/uploads\/2022\/11\/observation-banner-768x512.jpg","large":"https:\/\/austrinus.com\/wp-content\/uploads\/2022\/11\/observation-banner-1024x682.jpg","1536x1536":"https:\/\/austrinus.com\/wp-content\/uploads\/2022\/11\/observation-banner-1536x1024.jpg","2048x2048":"https:\/\/austrinus.com\/wp-content\/uploads\/2022\/11\/observation-banner.jpg","trp-custom-language-flag":"https:\/\/austrinus.com\/wp-content\/uploads\/2022\/11\/observation-banner.jpg"},"magazineBlocksPostAuthor":{"name":"Farid","avatar":"https:\/\/secure.gravatar.com\/avatar\/57e8aa07b0d16e13c8408ea413c009fc7da05f4cbb36da0d568b4235b1eaee6b?s=96&r=g"},"magazineBlocksPostCommentsNumber":false,"magazineBlocksPostExcerpt":"La observaci\u00f3n del cielo nocturno es la principal actividad de un astr\u00f3nomo profesional o aficionado. Aunque la astronom\u00eda moderna contempla muchos otros tipos de observaciones (ej. solares) y mediante tecnolog\u00edas que van m\u00e1s all\u00e1 del rango \u00f3ptico (ej. radiotelescopios, rango infrarrojo, etc.), esta ciencia seguir\u00e1 defini\u00e9ndose por explorar todos los objetos y fen\u00f3menos que ocurren&hellip;","magazineBlocksPostCategories":[],"magazineBlocksPostViewCount":0,"magazineBlocksPostReadTime":3,"uagb_featured_image_src":{"full":["https:\/\/austrinus.com\/wp-content\/uploads\/2022\/11\/observation-banner.jpg",2000,1333,false],"thumbnail":["https:\/\/austrinus.com\/wp-content\/uploads\/2022\/11\/observation-banner-150x150.jpg",150,150,true],"medium":["https:\/\/austrinus.com\/wp-content\/uploads\/2022\/11\/observation-banner-300x200.jpg",300,200,true],"medium_large":["https:\/\/austrinus.com\/wp-content\/uploads\/2022\/11\/observation-banner-768x512.jpg",640,427,true],"large":["https:\/\/austrinus.com\/wp-content\/uploads\/2022\/11\/observation-banner-1024x682.jpg",640,426,true],"1536x1536":["https:\/\/austrinus.com\/wp-content\/uploads\/2022\/11\/observation-banner-1536x1024.jpg",1536,1024,true],"2048x2048":["https:\/\/austrinus.com\/wp-content\/uploads\/2022\/11\/observation-banner.jpg",2000,1333,false],"trp-custom-language-flag":["https:\/\/austrinus.com\/wp-content\/uploads\/2022\/11\/observation-banner.jpg",18,12,false]},"uagb_author_info":{"display_name":"Farid","author_link":"https:\/\/austrinus.com\/en\/author\/farid\/"},"uagb_comment_info":0,"uagb_excerpt":"La observaci\u00f3n del cielo nocturno es la principal actividad de un astr\u00f3nomo profesional o aficionado. Aunque la astronom\u00eda moderna contempla muchos otros tipos de observaciones (ej. solares) y mediante tecnolog\u00edas que van m\u00e1s all\u00e1 del rango \u00f3ptico (ej. radiotelescopios, rango infrarrojo, etc.), esta ciencia seguir\u00e1 defini\u00e9ndose por explorar todos los objetos y fen\u00f3menos que ocurren&hellip;","_links":{"self":[{"href":"https:\/\/austrinus.com\/en\/wp-json\/wp\/v2\/pages\/98","targetHints":{"allow":["GET"]}}],"collection":[{"href":"https:\/\/austrinus.com\/en\/wp-json\/wp\/v2\/pages"}],"about":[{"href":"https:\/\/austrinus.com\/en\/wp-json\/wp\/v2\/types\/page"}],"author":[{"embeddable":true,"href":"https:\/\/austrinus.com\/en\/wp-json\/wp\/v2\/users\/1"}],"replies":[{"embeddable":true,"href":"https:\/\/austrinus.com\/en\/wp-json\/wp\/v2\/comments?post=98"}],"version-history":[{"count":2,"href":"https:\/\/austrinus.com\/en\/wp-json\/wp\/v2\/pages\/98\/revisions"}],"predecessor-version":[{"id":7929,"href":"https:\/\/austrinus.com\/en\/wp-json\/wp\/v2\/pages\/98\/revisions\/7929"}],"wp:featuredmedia":[{"embeddable":true,"href":"https:\/\/austrinus.com\/en\/wp-json\/wp\/v2\/media\/6915"}],"wp:attachment":[{"href":"https:\/\/austrinus.com\/en\/wp-json\/wp\/v2\/media?parent=98"}],"curies":[{"name":"wp","href":"https:\/\/api.w.org\/{rel}","templated":true}]}}