{"id":7931,"date":"2025-02-06T14:40:24","date_gmt":"2025-02-06T17:40:24","guid":{"rendered":"http:\/\/austrinus.com\/?page_id=7931"},"modified":"2025-02-06T14:44:03","modified_gmt":"2025-02-06T17:44:03","slug":"farid-char","status":"publish","type":"page","link":"https:\/\/austrinus.com\/en\/farid-char\/","title":{"rendered":"Farid Char"},"content":{"rendered":"<div class=\"wp-block-columns is-layout-flex wp-container-core-columns-is-layout-9d6595d7 wp-block-columns-is-layout-flex\">\r\n<div class=\"wp-block-column is-layout-flow wp-block-column-is-layout-flow\" style=\"flex-basis: 33.33%;\">\r\n<figure class=\"wp-block-image size-large\"><a href=\"http:\/\/austrinus.com\/wp-content\/uploads\/2025\/02\/Farid.Char_-2048x1229-1.jpg\"><img decoding=\"async\" class=\"wp-image-7932\" src=\"http:\/\/austrinus.com\/wp-content\/uploads\/2025\/02\/Farid.Char_-2048x1229-1-1024x615.jpg\" alt=\"\" \/><\/a>\r\n<figcaption class=\"wp-element-caption\"><strong>Farid Char<\/strong><br \/>Astronomy Center, University of Antofagasta, Chile.<br \/><a href=\"https:\/\/web.archive.org\/web\/20240427050020\/http:\/\/austrinus.com\/contacto\" target=\"_blank\" rel=\"noreferrer noopener\">E-mail<\/a>\u00a0|\u00a0<a href=\"https:\/\/web.archive.org\/web\/20240427050020\/http:\/\/austrinus.com\/\" target=\"_blank\" rel=\"noreferrer noopener\">Website<\/a>\u00a0|\u00a0<a href=\"https:\/\/web.archive.org\/web\/20240427050020\/https:\/\/ui.adsabs.harvard.edu\/search\/p_=0&amp;q=Char,Farid\" target=\"_blank\" rel=\"noreferrer noopener\">ADS<\/a><\/figcaption>\r\n<\/figure>\r\n<\/div>\r\n\r\n\r\n\r\n<div class=\"wp-block-column is-layout-flow wp-block-column-is-layout-flow\" style=\"flex-basis: 66.66%;\">\r\n<p>I am Farid Char, an amateur astronomer with more than 15 years of experience in astronomical outreach, education and observation, as well as co-author of several publications. I currently live in Antofagasta (Chile).\u00a0<\/p>\r\n\r\n\r\n\r\n<p>Inspired by curiosity, motivated by passion and committed to science, astronomy has been my way of life beyond my professional training, and I have had the opportunity to live under the dark skies of the Atacama Desert. Today I work at the\u00a0<a href=\"https:\/\/web.archive.org\/web\/20240427050020\/http:\/\/astro.uantof.cl\/\">Astronomy Center<\/a>\u00a0from the University of Antofagasta, at the Paranal Observatory (<a href=\"https:\/\/web.archive.org\/web\/20240427050020\/http:\/\/eso.org\/\">THAT<\/a>) and I have been an astronomy instructor\/teacher at levels ranging from primary to university education.<\/p>\r\n\r\n\r\n\r\n<p>Some of my\u00a0<strong>interests<\/strong>\/<strong>hobbies<\/strong>\u00a0are computing,\u00a0<a href=\"https:\/\/web.archive.org\/web\/20240427050020\/https:\/\/foto.austrinus.com\/\" target=\"_blank\" rel=\"noreferrer noopener\">photograph<\/a>,\u00a0<a href=\"https:\/\/web.archive.org\/web\/20240427050020\/https:\/\/astrofoto.austrinus.com\/\" target=\"_blank\" rel=\"noreferrer noopener\">astrophotography<\/a>,\u00a0<a href=\"https:\/\/web.archive.org\/web\/20240427050020\/https:\/\/farid.austrinus.com\/viajes\" target=\"_blank\" rel=\"noreferrer noopener\">trips<\/a>,\u00a0<a href=\"https:\/\/web.archive.org\/web\/20240427050020\/https:\/\/farid.austrinus.com\/novelismo\" target=\"_blank\" rel=\"noreferrer noopener\">novelism<\/a>, animals and numismatics; science fiction, suspense and action are my favorite themes when it comes to books and movies\/series.\u00a0<\/p>\r\n\r\n\r\n\r\n<p>I am an atheist, apolitical, teetotaler, left-handed, psychologist by profession, childless by choice. And I have my books for sale.\u00a0<a href=\"https:\/\/web.archive.org\/web\/20240427050020\/http:\/\/amazon.com\/author\/faridchar\" target=\"_blank\" rel=\"noreferrer noopener\">Novels<\/a>\u00a0and\u00a0<a href=\"https:\/\/web.archive.org\/web\/20240427050020\/https:\/\/farid.austrinus.com\/foto-store\/\" target=\"_blank\" rel=\"noreferrer noopener\">photos<\/a>.<\/p>\r\n\r\n\r\n\r\n<p>I also discovered a (rare) asteroid\u2026\u00a0<a href=\"https:\/\/web.archive.org\/web\/20240427050020\/https:\/\/en.wikipedia.org\/wiki\/2014_OL339\">2014 OL<sub>339<\/sub><\/a>.<\/p>\r\n\r\n\r\n<hr class=\"wp-block-separator has-alpha-channel-opacity\" \/>\r\n\r\n\r\n<p><em>I am Farid Char, an amateur astronomer with over 15 years of experience in outreach, education and astronomical observing, as well as co-author for several publications. I currently live in Antofagasta (Chile).\u00a0<\/em><\/p>\r\n\r\n\r\n\r\n<p>Inspired by curiosity, motivated by passion and committed to science, astronomy has been my way of life beyond my professional training, and I have had the opportunity to live under the dark skies of the Atacama Desert. Today I work in the\u00a0<a href=\"https:\/\/web.archive.org\/web\/20240427050020\/http:\/\/astro.uantof.cl\/\">Center of Astronomy<\/a>\u00a0of the University of Antofagasta, at\u00a0<a href=\"https:\/\/web.archive.org\/web\/20240427050020\/http:\/\/eso.org\/\">THAT<\/a>\u00a0Paranal Observatory and I have been an astronomy instructor\/teacher from the primary school level to the undergraduate level.<\/p>\r\n\r\n\r\n\r\n<p><em>Some of my\u00a0<strong>interests\/hobbies<\/strong>\u00a0are computers,\u00a0<a href=\"https:\/\/web.archive.org\/web\/20240427050020\/https:\/\/foto.austrinus.com\/\" target=\"_blank\" rel=\"noreferrer noopener\">photography<\/a>,\u00a0<a href=\"https:\/\/web.archive.org\/web\/20240427050020\/https:\/\/astrofoto.austrinus.com\/\" target=\"_blank\" rel=\"noreferrer noopener\">astrophotography<\/a>,\u00a0<a href=\"https:\/\/web.archive.org\/web\/20240427050020\/https:\/\/farid.austrinus.com\/viajes\" target=\"_blank\" rel=\"noreferrer noopener\">travel<\/a>,\u00a0<a href=\"https:\/\/web.archive.org\/web\/20240427050020\/https:\/\/farid.austrinus.com\/novelismo\" target=\"_blank\" rel=\"noreferrer noopener\">writing<\/a>, animals and numismatics; science fiction, suspense and action are my preferred genres regarding books and movies\/series<\/em>.<\/p>\r\n\r\n\r\n\r\n<p><em>I&#039;m atheist, apolitical, teetotaler, left-handed, psychologist, childless by choice. Also, I have my\u00a0<a href=\"https:\/\/web.archive.org\/web\/20240427050020\/http:\/\/amazon.com\/author\/faridchar\" target=\"_blank\" rel=\"noreferrer noopener\">novels<\/a>\u00a0and\u00a0<a href=\"https:\/\/web.archive.org\/web\/20240427050020\/https:\/\/farid.austrinus.com\/foto-store\/\" target=\"_blank\" rel=\"noreferrer noopener\">photos<\/a>\u00a0for sale.<\/em><\/p>\r\n\r\n\r\n\r\n<p><em>I also discovered a (weird) asteroid\u2026\u00a0<a href=\"https:\/\/web.archive.org\/web\/20240427050020\/https:\/\/en.wikipedia.org\/wiki\/2014_OL339\">2014 OL<sub>339<\/sub><\/a><\/em>.\u00a0<\/p>\r\n<\/div>\r\n<\/div>","protected":false},"excerpt":{"rendered":"<p>I am Farid Char, an amateur astronomer with over 15 years of experience in astronomical outreach, education, and observation, as well as co-author of several publications. I currently live in Antofagasta, Chile. Inspired by curiosity, driven by passion, and committed to science, astronomy has been my way of life beyond my training\u2026<\/p>","protected":false},"author":1,"featured_media":0,"parent":0,"menu_order":0,"comment_status":"closed","ping_status":"closed","template":"","meta":{"_uag_custom_page_level_css":"","footnotes":""},"class_list":["post-7931","page","type-page","status-publish","hentry"],"magazineBlocksPostFeaturedMedia":{"thumbnail":false,"medium":false,"medium_large":false,"large":false,"1536x1536":false,"2048x2048":false,"trp-custom-language-flag":false},"magazineBlocksPostAuthor":{"name":"Farid","avatar":"https:\/\/secure.gravatar.com\/avatar\/57e8aa07b0d16e13c8408ea413c009fc7da05f4cbb36da0d568b4235b1eaee6b?s=96&r=g"},"magazineBlocksPostCommentsNumber":false,"magazineBlocksPostExcerpt":"Soy Farid Char, astr\u00f3nomo amateur con m\u00e1s de 15 a\u00f1os de experiencia en divulgaci\u00f3n, educaci\u00f3n y observaci\u00f3n astron\u00f3mica, as\u00ed como co-autor de varias publicaciones. Actualmente vivo en Antofagasta (Chile).\u00a0 Inspirado por la curiosidad, motivado por la pasi\u00f3n y comprometido con la ciencia, la astronom\u00eda ha sido mi forma de vida m\u00e1s all\u00e1 de mi formaci\u00f3n&hellip;","magazineBlocksPostCategories":[],"magazineBlocksPostViewCount":0,"magazineBlocksPostReadTime":2,"uagb_featured_image_src":{"full":false,"thumbnail":false,"medium":false,"medium_large":false,"large":false,"1536x1536":false,"2048x2048":false,"trp-custom-language-flag":false},"uagb_author_info":{"display_name":"Farid","author_link":"https:\/\/austrinus.com\/en\/author\/farid\/"},"uagb_comment_info":0,"uagb_excerpt":"Soy Farid Char, astr\u00f3nomo amateur con m\u00e1s de 15 a\u00f1os de experiencia en divulgaci\u00f3n, educaci\u00f3n y observaci\u00f3n astron\u00f3mica, as\u00ed como co-autor de varias publicaciones. Actualmente vivo en Antofagasta (Chile).\u00a0 Inspirado por la curiosidad, motivado por la pasi\u00f3n y comprometido con la ciencia, la astronom\u00eda ha sido mi forma de vida m\u00e1s all\u00e1 de mi formaci\u00f3n&hellip;","_links":{"self":[{"href":"https:\/\/austrinus.com\/en\/wp-json\/wp\/v2\/pages\/7931","targetHints":{"allow":["GET"]}}],"collection":[{"href":"https:\/\/austrinus.com\/en\/wp-json\/wp\/v2\/pages"}],"about":[{"href":"https:\/\/austrinus.com\/en\/wp-json\/wp\/v2\/types\/page"}],"author":[{"embeddable":true,"href":"https:\/\/austrinus.com\/en\/wp-json\/wp\/v2\/users\/1"}],"replies":[{"embeddable":true,"href":"https:\/\/austrinus.com\/en\/wp-json\/wp\/v2\/comments?post=7931"}],"version-history":[{"count":2,"href":"https:\/\/austrinus.com\/en\/wp-json\/wp\/v2\/pages\/7931\/revisions"}],"predecessor-version":[{"id":7939,"href":"https:\/\/austrinus.com\/en\/wp-json\/wp\/v2\/pages\/7931\/revisions\/7939"}],"wp:attachment":[{"href":"https:\/\/austrinus.com\/en\/wp-json\/wp\/v2\/media?parent=7931"}],"curies":[{"name":"wp","href":"https:\/\/api.w.org\/{rel}","templated":true}]}}