{"id":79,"date":"2014-12-08T19:30:31","date_gmt":"2014-12-08T19:30:31","guid":{"rendered":"http:\/\/dev.austrinus.com\/?page_id=79"},"modified":"2018-08-03T22:15:48","modified_gmt":"2018-08-03T22:15:48","slug":"multimedia","status":"publish","type":"page","link":"https:\/\/austrinus.com\/en\/multimedia\/","title":{"rendered":"Multimedia"},"content":{"rendered":"<p align=\"justify\">The section <strong>Multimedia<\/strong> It has image, audio and video galleries. Get to know them below:<\/p>\n<p align=\"justify\">\n<table id=\"tablepress-24\" class=\"tablepress tablepress-id-24\">\n<thead>\n<tr class=\"row-1\">\n\t<th class=\"column-1\"><a href=\"http:\/\/austrinus.com\/multimedia\/imagenes\/\">Images<\/a><\/th><th class=\"column-2\"><a href=\"http:\/\/austrinus.com\/multimedia\/audio\/\">Audio<\/a><\/th><th class=\"column-3\"><a href=\"http:\/\/austrinus.com\/multimedia\/video\/\">Video<\/a><\/th>\n<\/tr>\n<\/thead>\n<tbody class=\"row-striping row-hover\">\n<tr class=\"row-2\">\n\t<td class=\"column-1\"><a href=\"http:\/\/austrinus.com\/multimedia\/imagenes\/\"><img loading=\"lazy\" decoding=\"async\" src=\"http:\/\/austrinus.com\/wp-content\/uploads\/2018\/08\/if_images_47281.png\" alt=\"\" width=\"128\" height=\"128\" class=\"aligncenter size-full wp-image-4952\" srcset=\"https:\/\/austrinus.com\/wp-content\/uploads\/2018\/08\/if_images_47281.png 128w, https:\/\/austrinus.com\/wp-content\/uploads\/2018\/08\/if_images_47281-100x100.png 100w, https:\/\/austrinus.com\/wp-content\/uploads\/2018\/08\/if_images_47281-120x120.png 120w, https:\/\/austrinus.com\/wp-content\/uploads\/2018\/08\/if_images_47281-35x35.png 35w, https:\/\/austrinus.com\/wp-content\/uploads\/2018\/08\/if_images_47281-50x50.png 50w\" sizes=\"auto, (max-width: 128px) 100vw, 128px\" \/><\/a><\/td><td class=\"column-2\"><a href=\"http:\/\/austrinus.com\/multimedia\/audio\/\"><img loading=\"lazy\" decoding=\"async\" src=\"http:\/\/austrinus.com\/wp-content\/uploads\/2018\/08\/if_headphone-big_416382.png\" alt=\"\" width=\"128\" height=\"120\" class=\"aligncenter size-full wp-image-4954\" \/><\/a><\/td><td class=\"column-3\"><a href=\"http:\/\/austrinus.com\/multimedia\/video\/\"><img loading=\"lazy\" decoding=\"async\" src=\"http:\/\/austrinus.com\/wp-content\/uploads\/2018\/08\/if_play_1055007.png\" alt=\"\" width=\"128\" height=\"128\" class=\"aligncenter size-full wp-image-4953\" srcset=\"https:\/\/austrinus.com\/wp-content\/uploads\/2018\/08\/if_play_1055007.png 128w, https:\/\/austrinus.com\/wp-content\/uploads\/2018\/08\/if_play_1055007-100x100.png 100w, https:\/\/austrinus.com\/wp-content\/uploads\/2018\/08\/if_play_1055007-120x120.png 120w, https:\/\/austrinus.com\/wp-content\/uploads\/2018\/08\/if_play_1055007-35x35.png 35w, https:\/\/austrinus.com\/wp-content\/uploads\/2018\/08\/if_play_1055007-50x50.png 50w\" sizes=\"auto, (max-width: 128px) 100vw, 128px\" \/><\/a><\/td>\n<\/tr>\n<\/tbody>\n<\/table>\n<!-- #tablepress-24 from cache -->\n<p align=\"justify\"><sub><strong><em>Disclaimer<\/em><\/strong>: Resources within this section may contain copyrighted material, the use of which may not have been specifically authorized by the copyright owner. Wherever possible, credit is given to the author of such resources; however, it is noted that this material is made available in an effort to convey content for educational purposes, within the framework of &quot;fair\/reasonable use&quot; (<em>fair use<\/em>). If you wish to make use of any such copyrighted material for purposes beyond fair use, you must obtain express permission from the copyright owner.<\/sub><\/p>","protected":false},"excerpt":{"rendered":"<p>The Multimedia section has image, audio and video galleries. Check them out below: Disclaimer: The resources within this section may contain copyrighted material, the use of which may not have been specifically authorized by the copyright owner. Whenever possible, we try to give credit to the author of such resources; nevertheless,\u2026<\/p>","protected":false},"author":1,"featured_media":0,"parent":0,"menu_order":0,"comment_status":"closed","ping_status":"closed","template":"","meta":{"_uag_custom_page_level_css":"","footnotes":""},"class_list":["post-79","page","type-page","status-publish","hentry"],"magazineBlocksPostFeaturedMedia":{"thumbnail":false,"medium":false,"medium_large":false,"large":false,"1536x1536":false,"2048x2048":false,"trp-custom-language-flag":false},"magazineBlocksPostAuthor":{"name":"Farid","avatar":"https:\/\/secure.gravatar.com\/avatar\/57e8aa07b0d16e13c8408ea413c009fc7da05f4cbb36da0d568b4235b1eaee6b?s=96&r=g"},"magazineBlocksPostCommentsNumber":false,"magazineBlocksPostExcerpt":"La secci\u00f3n Multimedia cuenta con galer\u00edas de imagen, audio y video. Con\u00f3celas a continuaci\u00f3n: Disclaimer: Los recursos dentro de esta secci\u00f3n pueden contener material con copyright, cuyo uso puede no haber sido espec\u00edficamente autorizado por el due\u00f1o del copyright. Cada vez que es posible, se intenta dar cr\u00e9dito al autor de tales recursos; no obstante,&hellip;","magazineBlocksPostCategories":[],"magazineBlocksPostViewCount":0,"magazineBlocksPostReadTime":1,"uagb_featured_image_src":{"full":false,"thumbnail":false,"medium":false,"medium_large":false,"large":false,"1536x1536":false,"2048x2048":false,"trp-custom-language-flag":false},"uagb_author_info":{"display_name":"Farid","author_link":"https:\/\/austrinus.com\/en\/author\/farid\/"},"uagb_comment_info":0,"uagb_excerpt":"La secci\u00f3n Multimedia cuenta con galer\u00edas de imagen, audio y video. Con\u00f3celas a continuaci\u00f3n: Disclaimer: Los recursos dentro de esta secci\u00f3n pueden contener material con copyright, cuyo uso puede no haber sido espec\u00edficamente autorizado por el due\u00f1o del copyright. Cada vez que es posible, se intenta dar cr\u00e9dito al autor de tales recursos; no obstante,&hellip;","_links":{"self":[{"href":"https:\/\/austrinus.com\/en\/wp-json\/wp\/v2\/pages\/79","targetHints":{"allow":["GET"]}}],"collection":[{"href":"https:\/\/austrinus.com\/en\/wp-json\/wp\/v2\/pages"}],"about":[{"href":"https:\/\/austrinus.com\/en\/wp-json\/wp\/v2\/types\/page"}],"author":[{"embeddable":true,"href":"https:\/\/austrinus.com\/en\/wp-json\/wp\/v2\/users\/1"}],"replies":[{"embeddable":true,"href":"https:\/\/austrinus.com\/en\/wp-json\/wp\/v2\/comments?post=79"}],"version-history":[{"count":2,"href":"https:\/\/austrinus.com\/en\/wp-json\/wp\/v2\/pages\/79\/revisions"}],"predecessor-version":[{"id":5005,"href":"https:\/\/austrinus.com\/en\/wp-json\/wp\/v2\/pages\/79\/revisions\/5005"}],"wp:attachment":[{"href":"https:\/\/austrinus.com\/en\/wp-json\/wp\/v2\/media?parent=79"}],"curies":[{"name":"wp","href":"https:\/\/api.w.org\/{rel}","templated":true}]}}