{"id":75,"date":"2014-12-08T19:29:08","date_gmt":"2014-12-08T19:29:08","guid":{"rendered":"http:\/\/dev.austrinus.com\/?page_id=75"},"modified":"2025-01-17T04:39:49","modified_gmt":"2025-01-17T07:39:49","slug":"recursos","status":"publish","type":"page","link":"https:\/\/austrinus.com\/en\/recursos\/","title":{"rendered":"Educational resources"},"content":{"rendered":"<p>This section brings together a series of useful content for the hobbyist, in the format of regular publications, guides with practical instructions, own creations and links to notable websites. You can access them from the links in the side column.<\/p>\n<p>Some of this content has scheduled constant or sporadic updates (e.g. short articles, scientific demystification analysis, tutorials), while others remain as timeless records, which can increase if new development opportunities arise (e.g. own creations). .<\/p>\n<p>As part of the resources presented in Austrinus, in addition to being the author&#039;s own creations, a <em>basic astronomy online course<\/em> and a <em>book on amateur astronomy<\/em>. Stay tuned for news!<\/p>","protected":false},"excerpt":{"rendered":"<p>This section brings together a series of useful content for the hobbyist, in the format of regular publications, guides with practical instructions, own creations and links to notable websites. You can access them from the links in the side column. Some of this content has constant or sporadic updates scheduled (e.g. short articles, demystifying analysis...<\/p>","protected":false},"author":1,"featured_media":6359,"parent":0,"menu_order":0,"comment_status":"closed","ping_status":"closed","template":"","meta":{"_uag_custom_page_level_css":"","footnotes":""},"class_list":["post-75","page","type-page","status-publish","has-post-thumbnail","hentry"],"magazineBlocksPostFeaturedMedia":{"thumbnail":"https:\/\/austrinus.com\/wp-content\/uploads\/2022\/11\/recursos2-icon-150x150.jpg","medium":"https:\/\/austrinus.com\/wp-content\/uploads\/2022\/11\/recursos2-icon-300x200.jpg","medium_large":"https:\/\/austrinus.com\/wp-content\/uploads\/2022\/11\/recursos2-icon-768x512.jpg","large":"https:\/\/austrinus.com\/wp-content\/uploads\/2022\/11\/recursos2-icon-1024x683.jpg","1536x1536":"https:\/\/austrinus.com\/wp-content\/uploads\/2022\/11\/recursos2-icon.jpg","2048x2048":"https:\/\/austrinus.com\/wp-content\/uploads\/2022\/11\/recursos2-icon.jpg","trp-custom-language-flag":"https:\/\/austrinus.com\/wp-content\/uploads\/2022\/11\/recursos2-icon.jpg"},"magazineBlocksPostAuthor":{"name":"Farid","avatar":"https:\/\/secure.gravatar.com\/avatar\/57e8aa07b0d16e13c8408ea413c009fc7da05f4cbb36da0d568b4235b1eaee6b?s=96&r=g"},"magazineBlocksPostCommentsNumber":false,"magazineBlocksPostExcerpt":"Esta secci\u00f3n re\u00fane a una serie de contenidos de utilidad para el aficionado, en formato de publicaciones regulares, gu\u00edas con instrucciones pr\u00e1cticas, creaciones propias y enlaces a sitios web destacados. Puedes accederlos desde los links de la columna lateral. Algunos de estos contenidos tienen programadas actualizaciones constantes o espor\u00e1dicas (ej. art\u00edculos breves, an\u00e1lisis de desmitificaci\u00f3n&hellip;","magazineBlocksPostCategories":[],"magazineBlocksPostViewCount":0,"magazineBlocksPostReadTime":1,"uagb_featured_image_src":{"full":["https:\/\/austrinus.com\/wp-content\/uploads\/2022\/11\/recursos2-icon.jpg",1200,800,false],"thumbnail":["https:\/\/austrinus.com\/wp-content\/uploads\/2022\/11\/recursos2-icon-150x150.jpg",150,150,true],"medium":["https:\/\/austrinus.com\/wp-content\/uploads\/2022\/11\/recursos2-icon-300x200.jpg",300,200,true],"medium_large":["https:\/\/austrinus.com\/wp-content\/uploads\/2022\/11\/recursos2-icon-768x512.jpg",640,427,true],"large":["https:\/\/austrinus.com\/wp-content\/uploads\/2022\/11\/recursos2-icon-1024x683.jpg",640,427,true],"1536x1536":["https:\/\/austrinus.com\/wp-content\/uploads\/2022\/11\/recursos2-icon.jpg",1200,800,false],"2048x2048":["https:\/\/austrinus.com\/wp-content\/uploads\/2022\/11\/recursos2-icon.jpg",1200,800,false],"trp-custom-language-flag":["https:\/\/austrinus.com\/wp-content\/uploads\/2022\/11\/recursos2-icon.jpg",18,12,false]},"uagb_author_info":{"display_name":"Farid","author_link":"https:\/\/austrinus.com\/en\/author\/farid\/"},"uagb_comment_info":0,"uagb_excerpt":"Esta secci\u00f3n re\u00fane a una serie de contenidos de utilidad para el aficionado, en formato de publicaciones regulares, gu\u00edas con instrucciones pr\u00e1cticas, creaciones propias y enlaces a sitios web destacados. Puedes accederlos desde los links de la columna lateral. Algunos de estos contenidos tienen programadas actualizaciones constantes o espor\u00e1dicas (ej. art\u00edculos breves, an\u00e1lisis de desmitificaci\u00f3n&hellip;","_links":{"self":[{"href":"https:\/\/austrinus.com\/en\/wp-json\/wp\/v2\/pages\/75","targetHints":{"allow":["GET"]}}],"collection":[{"href":"https:\/\/austrinus.com\/en\/wp-json\/wp\/v2\/pages"}],"about":[{"href":"https:\/\/austrinus.com\/en\/wp-json\/wp\/v2\/types\/page"}],"author":[{"embeddable":true,"href":"https:\/\/austrinus.com\/en\/wp-json\/wp\/v2\/users\/1"}],"replies":[{"embeddable":true,"href":"https:\/\/austrinus.com\/en\/wp-json\/wp\/v2\/comments?post=75"}],"version-history":[{"count":1,"href":"https:\/\/austrinus.com\/en\/wp-json\/wp\/v2\/pages\/75\/revisions"}],"predecessor-version":[{"id":6361,"href":"https:\/\/austrinus.com\/en\/wp-json\/wp\/v2\/pages\/75\/revisions\/6361"}],"wp:featuredmedia":[{"embeddable":true,"href":"https:\/\/austrinus.com\/en\/wp-json\/wp\/v2\/media\/6359"}],"wp:attachment":[{"href":"https:\/\/austrinus.com\/en\/wp-json\/wp\/v2\/media?parent=75"}],"curies":[{"name":"wp","href":"https:\/\/api.w.org\/{rel}","templated":true}]}}