{"id":5572,"date":"2022-11-08T03:26:48","date_gmt":"2022-11-08T03:26:48","guid":{"rendered":"http:\/\/austrinus.com\/?page_id=5572"},"modified":"2022-12-14T02:49:25","modified_gmt":"2022-12-14T05:49:25","slug":"como-comprar","status":"publish","type":"page","link":"https:\/\/austrinus.com\/en\/shop\/como-comprar\/","title":{"rendered":"How to buy?"},"content":{"rendered":"<p><img loading=\"lazy\" decoding=\"async\" class=\"wp-image-6182 alignright\" src=\"http:\/\/austrinus.com\/wp-content\/uploads\/2022\/11\/shop-icon2.png\" alt=\"\" width=\"130\" height=\"130\" srcset=\"https:\/\/austrinus.com\/wp-content\/uploads\/2022\/11\/shop-icon2.png 256w, https:\/\/austrinus.com\/wp-content\/uploads\/2022\/11\/shop-icon2-150x150.png 150w, https:\/\/austrinus.com\/wp-content\/uploads\/2022\/11\/shop-icon2-100x100.png 100w\" sizes=\"auto, (max-width: 130px) 100vw, 130px\" \/>To buy in the <a href=\"http:\/\/austrinus.com\/shop\/\"><strong>Astro Shop<\/strong><\/a>, you just have to browse the product categories, choose an item (and specify a modality\/quantity if necessary), add it to the <a href=\"http:\/\/austrinus.com\/cart\/\">shopping cart<\/a> and continue to checkout to make your payment. All transactions are carried out through a secure system, through recognized platforms (<a href=\"http:\/\/stripe.com\">Stripe<\/a>, <a href=\"http:\/\/mercadopago.com\">Payment Market<\/a>, <a href=\"http:\/\/paypal.com\">PayPal<\/a>).<\/p>\n<p>The prices of all products are expressed in <strong>US dollars (USD)<\/strong>. You will have the following options when making a payment:<\/p>\n<ul>\n<li><strong><img loading=\"lazy\" decoding=\"async\" class=\"wp-image-6242 alignright\" src=\"http:\/\/austrinus.com\/wp-content\/uploads\/2022\/11\/paymentlogos-icon-103x300.png\" alt=\"\" width=\"76\" height=\"221\" srcset=\"https:\/\/austrinus.com\/wp-content\/uploads\/2022\/11\/paymentlogos-icon-103x300.png 103w, https:\/\/austrinus.com\/wp-content\/uploads\/2022\/11\/paymentlogos-icon.png 260w\" sizes=\"auto, (max-width: 76px) 100vw, 76px\" \/><strong><strong>Pay with credit card\/debit card<\/strong>: <\/strong><\/strong>Standard payment system with credit or debit cards. The amount will be charged in USD through the Stripe platform.<strong><br \/>\n<\/strong><\/li>\n<li><strong>Bank cards or Mercado Pago balance<\/strong>: System that also accepts credit or debit cards, as well as electronic transfer via WebPay (Chile) or your balance\/cards in Mercado Pago, if you have an account in Mercado Libre (Latin America). By using this system, the amount will be converted to your currency<br \/>\nlocal and you will have to log in to your Mercado Pago account, to finalize the transaction on their platform.<\/li>\n<li><strong>PayPal<\/strong>: System that connects with your PayPal account, to pay from your balance or cards saved in your account. The amount will be charged in USD.<\/li>\n<\/ul>\n<p>*\ufe0f\u20e3 If the product you purchased is virtual (digital file), after payment has been made you will receive a link to download the product according to its characteristics.<\/p>\n<p>*\ufe0f\u20e3 If the product you purchased is physical, during the checkout process you will see information about shipping time and cost, which will be calculated at the final price after selecting your geographic location.<\/p>\n<p>\u274b Depending on the product chosen, shipping takes place between 3 to 8 business days.<br \/>\n\u274b Depending on your geographical location, the management of the order and shipping of physical items can be generated from different manufacturing sites (USA, Canada, Holland, United Kingdom or Australia), to optimize delivery time and shipping costs.<br \/>\n\u274b Physical products are manufactured\/printed to order in partnership with <a href=\"https:\/\/fineartamerica.com\">Fine Art America<\/a>.<\/p>","protected":false},"excerpt":{"rendered":"<p>To buy at the Astro Shop, you just have to browse the product categories, choose an item (and specify a type\/quantity if necessary), add it to the shopping cart and continue to checkout to make your payment. All transactions are carried out through a secure system, through recognized platforms (Stripe, Mercado Pago, PayPal). Prices\u2026<\/p>","protected":false},"author":1,"featured_media":0,"parent":5512,"menu_order":0,"comment_status":"closed","ping_status":"closed","template":"","meta":{"_uag_custom_page_level_css":"","footnotes":""},"class_list":["post-5572","page","type-page","status-publish","hentry"],"magazineBlocksPostFeaturedMedia":{"thumbnail":false,"medium":false,"medium_large":false,"large":false,"1536x1536":false,"2048x2048":false,"trp-custom-language-flag":false},"magazineBlocksPostAuthor":{"name":"Farid","avatar":"https:\/\/secure.gravatar.com\/avatar\/57e8aa07b0d16e13c8408ea413c009fc7da05f4cbb36da0d568b4235b1eaee6b?s=96&r=g"},"magazineBlocksPostCommentsNumber":false,"magazineBlocksPostExcerpt":"Para comprar en la Astro Shop, s\u00f3lo debes navegar por las categor\u00edas de productos, elegir un \u00edtem (y especificar una modalidad\/cantidad de ser necesario), agregarlo al carro de compras y continuar al checkout para realizar tu pago.\u00a0Toda transacci\u00f3n se realiza mediante un sistema seguro, a trav\u00e9s de plataformas reconocidas (Stripe, Mercado Pago, PayPal). Los precios&hellip;","magazineBlocksPostCategories":[],"magazineBlocksPostViewCount":0,"magazineBlocksPostReadTime":2,"uagb_featured_image_src":{"full":false,"thumbnail":false,"medium":false,"medium_large":false,"large":false,"1536x1536":false,"2048x2048":false,"trp-custom-language-flag":false},"uagb_author_info":{"display_name":"Farid","author_link":"https:\/\/austrinus.com\/en\/author\/farid\/"},"uagb_comment_info":0,"uagb_excerpt":"Para comprar en la Astro Shop, s\u00f3lo debes navegar por las categor\u00edas de productos, elegir un \u00edtem (y especificar una modalidad\/cantidad de ser necesario), agregarlo al carro de compras y continuar al checkout para realizar tu pago.\u00a0Toda transacci\u00f3n se realiza mediante un sistema seguro, a trav\u00e9s de plataformas reconocidas (Stripe, Mercado Pago, PayPal). Los precios&hellip;","_links":{"self":[{"href":"https:\/\/austrinus.com\/en\/wp-json\/wp\/v2\/pages\/5572","targetHints":{"allow":["GET"]}}],"collection":[{"href":"https:\/\/austrinus.com\/en\/wp-json\/wp\/v2\/pages"}],"about":[{"href":"https:\/\/austrinus.com\/en\/wp-json\/wp\/v2\/types\/page"}],"author":[{"embeddable":true,"href":"https:\/\/austrinus.com\/en\/wp-json\/wp\/v2\/users\/1"}],"replies":[{"embeddable":true,"href":"https:\/\/austrinus.com\/en\/wp-json\/wp\/v2\/comments?post=5572"}],"version-history":[{"count":2,"href":"https:\/\/austrinus.com\/en\/wp-json\/wp\/v2\/pages\/5572\/revisions"}],"predecessor-version":[{"id":7686,"href":"https:\/\/austrinus.com\/en\/wp-json\/wp\/v2\/pages\/5572\/revisions\/7686"}],"up":[{"embeddable":true,"href":"https:\/\/austrinus.com\/en\/wp-json\/wp\/v2\/pages\/5512"}],"wp:attachment":[{"href":"https:\/\/austrinus.com\/en\/wp-json\/wp\/v2\/media?parent=5572"}],"curies":[{"name":"wp","href":"https:\/\/api.w.org\/{rel}","templated":true}]}}