{"id":5503,"date":"2022-11-08T02:37:20","date_gmt":"2022-11-08T02:37:20","guid":{"rendered":"http:\/\/austrinus.com\/?page_id=5503"},"modified":"2025-02-11T09:41:38","modified_gmt":"2025-02-11T12:41:38","slug":"autor","status":"publish","type":"page","link":"https:\/\/austrinus.com\/en\/autor\/","title":{"rendered":"Author"},"content":{"rendered":"<p><img loading=\"lazy\" decoding=\"async\" class=\" wp-image-6067 alignright\" src=\"http:\/\/austrinus.com\/wp-content\/uploads\/2022\/11\/Fotografia-lr-300x300.jpg\" alt=\"\" width=\"153\" height=\"153\" srcset=\"https:\/\/austrinus.com\/wp-content\/uploads\/2022\/11\/Fotografia-lr.jpg 300w, https:\/\/austrinus.com\/wp-content\/uploads\/2022\/11\/Fotografia-lr-150x150.jpg 150w, https:\/\/austrinus.com\/wp-content\/uploads\/2022\/11\/Fotografia-lr-100x100.jpg 100w\" sizes=\"auto, (max-width: 153px) 100vw, 153px\" \/>El autor de este sitio web es <strong>Farid Char<\/strong>, astr\u00f3nomo amateur con m\u00e1s de 15 a\u00f1os de experiencia en divulgaci\u00f3n, educaci\u00f3n y observaci\u00f3n astron\u00f3mica, as\u00ed como co-autor de varias publicaciones.<\/p>\n<p>Austrinus contiene diversa informaci\u00f3n de astronom\u00eda general, as\u00ed como contenidos relacionados a su autor. La mayor\u00eda de \u00e9stos refieren a sus <a href=\"http:\/\/austrinus.com\/personal\/actividades\"><strong>actividades<\/strong><\/a>, <a href=\"http:\/\/austrinus.com\/personal\/observaciones\"><strong>observaciones<\/strong><\/a>, <a href=\"http:\/\/austrinus.com\/personal\/publicaciones\"><strong>publicaciones<\/strong><\/a> y <a href=\"http:\/\/austrinus.com\/personal\/proyectos\"><strong>proyectos<\/strong><\/a>, adem\u00e1s de sus creaciones m\u00e1s destacadas:<\/p>\n<ul>\n<li><a href=\"https:\/\/farid.austrinus.com\/novelismo\/\">Novelas de ciencia ficci\u00f3n<\/a><\/li>\n<li><a href=\"http:\/\/austrinus.com\/personal\/proyectos\">Proyectos art\u00edsticos<\/a><\/li>\n<li><span style=\"color: #808080;\">Curso online dirigido a principiantes (pr\u00f3ximamente).<\/span><\/li>\n<li><span style=\"color: #808080;\">Libro sobre astronom\u00eda amateur (pr\u00f3ximamente).<\/span><\/li>\n<\/ul>\n<p>Este sitio tambi\u00e9n alberga\/enlaza contenidos in\u00e9ditos, de autor\u00eda propia, dirigidos a astr\u00f3nomos aficionados:<\/p>\n<ul>\n<li><a href=\"http:\/\/caelum.austrinus.com\">C\u00e6lum Austrinus 300<\/a>: Cat\u00e1logo de 300 objetos astron\u00f3micos destacados, optimizados para la latitud 23\u00b0 Sur.<\/li>\n<li><a href=\"http:\/\/austrinus.com\/recursos\/argo-navis\/\">Argo Navis e-zine<\/a>: Revista online sobre astronom\u00eda en Chile, publicada bimestralmente entre 2005 a 2008.<\/li>\n<li>Diversas <a href=\"http:\/\/austrinus.com\/recursos\/guias-utiles\/\">gu\u00edas \u00fatiles<\/a>, art\u00edculos de <a href=\"http:\/\/austrinus.com\/recursos\/tutoriales\/\">desmitificaci\u00f3n<\/a> cient\u00edfica y una amplia colecci\u00f3n de <a href=\"https:\/\/astrofoto.austrinus.com\/\">astrofotograf\u00edas<\/a>.<\/li>\n<\/ul>\n<p>Por \u00faltimo, el autor dispone de varios art\u00edculos de tem\u00e1tica astron\u00f3mica a la venta, a trav\u00e9s de la <a href=\"http:\/\/austrinus.com\/shop\/\"><strong>Astro Shop<\/strong><\/a>.<\/p>\n<p><span style=\"font-size: small;\"><i>Austrinus ha sido desarrollado \u00edntegramente por su autor, requiriendo bastante tiempo, esfuerzo y recursos propios.<br \/>Puedes ayudar a mantener este sitio y expresar tu apoyo con una peque\u00f1a donaci\u00f3n, desde el monto de un caf\u00e9.<\/i> \ud83d\ude0a\u2615\ufe0f <\/span><\/p>\n<p>\u00a0<\/p>\n\n<div style=\"\" class=\"buttonLabel_Donate paymentAmountType_free paymentAmount_5 paymentAmountStart_3 paymentAmountMin_3 wp-block-depay-payments-block\"><div class=\"DePayButton\" label=\"Donate\" widget=\"Payment\" configuration='{  \"title\": \"Payment\", \"accept\": [{\"blockchain\":\"polygon\",\"token\":\"0xc2132D05D31c914a87C6611C10748AEb04B58e8F\",\"fee\":{\"receiver\":\"0x7b94266CA5cC36005b3043e1ffE5EBd624494731\",\"amount\":\"1.5%\"},\"receiver\":\"0xb6745E9827ccCeE726E15d3c00024C3f5DBd7331\"},{\"blockchain\":\"polygon\",\"token\":\"0x2791Bca1f2de4661ED88A30C99A7a9449Aa84174\",\"fee\":{\"receiver\":\"0x7b94266CA5cC36005b3043e1ffE5EBd624494731\",\"amount\":\"1.5%\"},\"receiver\":\"0xb6745E9827ccCeE726E15d3c00024C3f5DBd7331\"},{\"blockchain\":\"avalanche\",\"token\":\"0x9702230A8Ea53601f5cD2dc00fDBc13d4dF4A8c7\",\"fee\":{\"receiver\":\"0x7b94266CA5cC36005b3043e1ffE5EBd624494731\",\"amount\":\"1.5%\"},\"receiver\":\"0xb6745E9827ccCeE726E15d3c00024C3f5DBd7331\"},{\"blockchain\":\"avalanche\",\"token\":\"0xB97EF9Ef8734C71904D8002F8b6Bc66Dd9c48a6E\",\"fee\":{\"receiver\":\"0x7b94266CA5cC36005b3043e1ffE5EBd624494731\",\"amount\":\"1.5%\"},\"receiver\":\"0xb6745E9827ccCeE726E15d3c00024C3f5DBd7331\"},{\"blockchain\":\"bsc\",\"token\":\"0x55d398326f99059fF775485246999027B3197955\",\"fee\":{\"receiver\":\"0x7b94266CA5cC36005b3043e1ffE5EBd624494731\",\"amount\":\"1.5%\"},\"receiver\":\"0xb6745E9827ccCeE726E15d3c00024C3f5DBd7331\"},{\"blockchain\":\"bsc\",\"token\":\"0x8AC76a51cc950d9822D68b83fE1Ad97B32Cd580d\",\"fee\":{\"receiver\":\"0x7b94266CA5cC36005b3043e1ffE5EBd624494731\",\"amount\":\"1.5%\"},\"receiver\":\"0xb6745E9827ccCeE726E15d3c00024C3f5DBd7331\"},{\"blockchain\":\"optimism\",\"token\":\"0x94b008aA00579c1307B0EF2c499aD98a8ce58e58\",\"fee\":{\"receiver\":\"0x7b94266CA5cC36005b3043e1ffE5EBd624494731\",\"amount\":\"1.5%\"},\"receiver\":\"0xb6745E9827ccCeE726E15d3c00024C3f5DBd7331\"},{\"blockchain\":\"optimism\",\"token\":\"0x7F5c764cBc14f9669B88837ca1490cCa17c31607\",\"fee\":{\"receiver\":\"0x7b94266CA5cC36005b3043e1ffE5EBd624494731\",\"amount\":\"1.5%\"},\"receiver\":\"0xb6745E9827ccCeE726E15d3c00024C3f5DBd7331\"},{\"blockchain\":\"base\",\"token\":\"0xfde4C96c8593536E31F229EA8f37b2ADa2699bb2\",\"fee\":{\"receiver\":\"0x7b94266CA5cC36005b3043e1ffE5EBd624494731\",\"amount\":\"1.5%\"},\"receiver\":\"0xb6745E9827ccCeE726E15d3c00024C3f5DBd7331\"},{\"blockchain\":\"base\",\"token\":\"0x833589fCD6eDb6E08f4c7C32D4f71b54bdA02913\",\"fee\":{\"receiver\":\"0x7b94266CA5cC36005b3043e1ffE5EBd624494731\",\"amount\":\"1.5%\"},\"receiver\":\"0xb6745E9827ccCeE726E15d3c00024C3f5DBd7331\"}], \"amount\": {\"start\":3,\"min\":3} }' css=\"button {  border-radius: 2px;  color: #fec700;  background: #32373c;}\"><\/div><script>if(typeof DePayButtons != \"undefined\") { DePayButtons.init({document: document}); }<\/script><\/div>\n\n\n<p><\/p>\n","protected":false},"excerpt":{"rendered":"<p>The author of this website is Farid Char, an amateur astronomer with more than 15 years of experience in astronomical dissemination, education and observation, as well as co-author of several publications. Austrinus contains various general astronomy information, as well as content related to its author. Most of these refer to their activities, observations, publications and...<\/p>","protected":false},"author":1,"featured_media":0,"parent":0,"menu_order":0,"comment_status":"closed","ping_status":"closed","template":"","meta":{"_uag_custom_page_level_css":"","footnotes":""},"class_list":["post-5503","page","type-page","status-publish","hentry"],"magazineBlocksPostFeaturedMedia":{"thumbnail":false,"medium":false,"medium_large":false,"large":false,"1536x1536":false,"2048x2048":false,"trp-custom-language-flag":false},"magazineBlocksPostAuthor":{"name":"Farid","avatar":"https:\/\/secure.gravatar.com\/avatar\/57e8aa07b0d16e13c8408ea413c009fc7da05f4cbb36da0d568b4235b1eaee6b?s=96&r=g"},"magazineBlocksPostCommentsNumber":false,"magazineBlocksPostExcerpt":"El autor de este sitio web es Farid Char, astr\u00f3nomo amateur con m\u00e1s de 15 a\u00f1os de experiencia en divulgaci\u00f3n, educaci\u00f3n y observaci\u00f3n astron\u00f3mica, as\u00ed como co-autor de varias publicaciones. Austrinus contiene diversa informaci\u00f3n de astronom\u00eda general, as\u00ed como contenidos relacionados a su autor. La mayor\u00eda de \u00e9stos refieren a sus actividades, observaciones, publicaciones y&hellip;","magazineBlocksPostCategories":[],"magazineBlocksPostViewCount":0,"magazineBlocksPostReadTime":2,"uagb_featured_image_src":{"full":false,"thumbnail":false,"medium":false,"medium_large":false,"large":false,"1536x1536":false,"2048x2048":false,"trp-custom-language-flag":false},"uagb_author_info":{"display_name":"Farid","author_link":"https:\/\/austrinus.com\/en\/author\/farid\/"},"uagb_comment_info":0,"uagb_excerpt":"El autor de este sitio web es Farid Char, astr\u00f3nomo amateur con m\u00e1s de 15 a\u00f1os de experiencia en divulgaci\u00f3n, educaci\u00f3n y observaci\u00f3n astron\u00f3mica, as\u00ed como co-autor de varias publicaciones. Austrinus contiene diversa informaci\u00f3n de astronom\u00eda general, as\u00ed como contenidos relacionados a su autor. La mayor\u00eda de \u00e9stos refieren a sus actividades, observaciones, publicaciones y&hellip;","_links":{"self":[{"href":"https:\/\/austrinus.com\/en\/wp-json\/wp\/v2\/pages\/5503","targetHints":{"allow":["GET"]}}],"collection":[{"href":"https:\/\/austrinus.com\/en\/wp-json\/wp\/v2\/pages"}],"about":[{"href":"https:\/\/austrinus.com\/en\/wp-json\/wp\/v2\/types\/page"}],"author":[{"embeddable":true,"href":"https:\/\/austrinus.com\/en\/wp-json\/wp\/v2\/users\/1"}],"replies":[{"embeddable":true,"href":"https:\/\/austrinus.com\/en\/wp-json\/wp\/v2\/comments?post=5503"}],"version-history":[{"count":1,"href":"https:\/\/austrinus.com\/en\/wp-json\/wp\/v2\/pages\/5503\/revisions"}],"predecessor-version":[{"id":7950,"href":"https:\/\/austrinus.com\/en\/wp-json\/wp\/v2\/pages\/5503\/revisions\/7950"}],"wp:attachment":[{"href":"https:\/\/austrinus.com\/en\/wp-json\/wp\/v2\/media?parent=5503"}],"curies":[{"name":"wp","href":"https:\/\/api.w.org\/{rel}","templated":true}]}}