{"id":5453,"date":"2021-05-24T03:49:32","date_gmt":"2021-05-24T03:49:32","guid":{"rendered":"http:\/\/austrinus.com\/?page_id=5453"},"modified":"2025-06-01T00:39:23","modified_gmt":"2025-05-31T17:39:23","slug":"proyectos","status":"publish","type":"page","link":"https:\/\/austrinus.com\/en\/proyectos\/","title":{"rendered":"Projects"},"content":{"rendered":"<p><strong>Autonomous outreach projects<\/strong><\/p>\n\n\n\n<ul class=\"wp-block-list\">\n<li><a href=\"http:\/\/caelum.austrinus.com\"><strong>C\u00e6lum Austrinus 300<\/strong><\/a>: Astronomical catalog of 300 objects, aimed at amateurs in the Southern Hemisphere.<\/li>\n\n\n\n<li><strong><a href=\"http:\/\/austrinus.com\/recursos\/argo-navis\">Argo Navis<\/a>:<\/strong>\u00a0Online magazine about astronomy in Chile, oriented to the Antofagasta region, Chile (2005-2008).<\/li>\n<\/ul>\n\n\n\n<p><strong>Project<\/strong>: <em>\u201cMoonlight\u201d (2024)<\/em><br><strong>Origin<\/strong>: Fondart Regional 2023 (8,785,000 CLP \/ ~9,680 USD)<br><strong>Role<\/strong>: Main artist.<br><strong>Description<\/strong>: Enhance and publicize representative landscapes of the Antofagasta region through astrophotographs with the Moon as the protagonist, whose scenes highlight their properties from an interactive and educational perspective.<\/p>\n\n\n\n<p><strong>Project<\/strong>: <em>\u201cAstrophotography guide to the southern sky: from wide angle to telephoto\u201d (2024)<\/em><br><strong>Origin<\/strong>: Fondart Regional 2023 (11,260,000 CLP \/ ~11,790 USD)<br><strong>Role<\/strong>: Main artist.<br><strong>Description<\/strong>: Initiative to illustrate notable differences between wide-field and telephoto astrophotography, revealing deep space objects, through a photobook (digital\/printed) and audiovisual capsules.<\/p>\n\n\n\n<p><strong>Project<\/strong>: <em>\u201cMini interactive astrophotography magazine \u2018Windows to the Universe\u2019\u201d (2023)<\/em><br><strong>Origin<\/strong>: Fondart Regional 2022 (10,240,000 CLP \/ ~12,000 USD)<br><strong>Role<\/strong>: Main artist.<br><strong>Description<\/strong>: Printed and virtual publication, published monthly for 7 months, with free distribution, which addresses various topics related to astrophotography from the Antofagasta region. <a href=\"https:\/\/play.google.com\/store\/books\/series?id=EZgvGwAAABA_gM\" target=\"_blank\" rel=\"noreferrer noopener\">direct link<\/a>.<\/p>\n\n\n\n<p><strong>Project<\/strong>: <em>\u201cFrom dusk to dawn: the desert in colors, shapes and augmented reality\u201d (2023)<\/em><br><strong>Origin<\/strong>: Fondart Regional 2022 (7,200,000 CLP \/ ~8400 USD)<br><strong>Role<\/strong>: Main artist.<br><strong>Description<\/strong>: Photographic exhibition that combines daytime photography and astrophotography to enhance the Atacama Desert in relation to the concepts of colors, shapes and movement, through augmented reality. <a href=\"https:\/\/www.diadelospatrimonios.cl\/actividad\/exposicion-fotografica-del-ocaso-al-alba-el-desierto-en-colores-formas-y-realidad\">Reference<\/a>.<\/p>\n\n\n\n<p><strong>Project<\/strong>: <em>\u201cMars on Earth\u201d (2022)<\/em><br><strong>Origin<\/strong>: Fondart Regional 2021 (7,860,000 CLP \/ ~8800 USD)<br><strong>Role<\/strong>: Main artist.<br><strong>Description<\/strong>: Micro documentary that exposes the natural similarities between the Atacama Desert (northern Chile) and the planet Mars, throughout 5 chapters, from an astrophotographic approach. <a rel=\"noreferrer noopener\" href=\"https:\/\/www.youtube.com\/watch?v=mi8oBsdYPNw\" target=\"_blank\">direct link<\/a>.<\/p>\n\n\n\n<p><strong>Project<\/strong>: <em>\u201cDesert at night: the night sky as a natural and cultural heritage\u201d (2022)<\/em><br><strong>Origin<\/strong>: Fondart Regional 2021 (7,500,000 CLP \/ ~8400 USD)<br><strong>Role<\/strong>: Main artist.<br><strong>Description<\/strong>: Astrophotographic exhibition exploring different edges of the night sky of the Atacama Desert (thematic axes) that expose it as part of the natural heritage of northern Chile.<\/p>\n\n\n\n<p><strong>Project<\/strong>: <em>\u201cAstrophotography as a tool for understanding celestial phenomena\u201d (2022)<\/em><br><strong>Origin<\/strong>: Fondart Regional 2021 (8,930,000 CLP \/ ~10,000 USD)<br><strong>Role<\/strong>: Main artist.<br><strong>Description<\/strong>: Initiative to publicize and explain celestial phenomena through astrophotography with different deliverables, highlighting a photobook (digital\/printed) and audiovisual capsules. <a rel=\"noreferrer noopener\" href=\"https:\/\/play.google.com\/store\/books\/details?id=E6V0EAAAQBAJ\" target=\"_blank\">direct link<\/a>.<\/p>\n\n\n\n<p><strong>Project<\/strong>: <em>\u00abPhotography workshop applied to the demystification of pseudosciences\u00bb (2021)<\/em><br><strong>Origin<\/strong>: Fondart Regional 2020 (2,550,000 CLP \/ ~2800 USD)<br><strong>Role<\/strong>: Workshop instructor.<br><strong>Description<\/strong>: Astrophotographic workshop in Antofagasta and Calama, which highlights different possibilities and objectives that astrophotography can serve (e.g. educational, recreational, demystification, etc.).<\/p>\n\n\n\n<p><strong>Project<\/strong>: <em>\u201cTheoretical and practical workshop on multipurpose astrophotography\u201d (2019)<\/em><br><strong>Origin<\/strong>: Fondart Regional 2018 (4,260,000 CLP \/ ~5900 USD)<br><strong>Role<\/strong>: Workshop instructor.<br><strong>Description<\/strong>: Astrophotographic workshop in Antofagasta and Calama, using concepts of astronomy and photography, to introduce the basic concepts of this discipline through theoretical and practical instances.<\/p>\n\n\n\n<p><strong>Project<\/strong>: <em>\u201cAstrophotography: self-guided art + science\u201d (2018)<\/em><br><strong>Origin<\/strong>: Fondart Regional 2017 (7,155,000 CLP \/ ~9900 USD)<br><strong>Role<\/strong>: Main artist.<br><strong>Description<\/strong>: Interactive astrophotographic exhibition that included various innovative resources (e.g. virtual reality, time-lapses, tutorials and interactive modules to illustrate photographic concepts).<br>***Derived versions were presented in the <em>Antofagasta Regional Library<\/em> in 2019 and in <em>Cecrea Castro Creation Center<\/em> in 2020.<\/p>\n\n\n\n<p><strong>Project<\/strong>: <em>\u00abAstronomy in times of pandemic\u00bb (2021)<\/em><br><strong>Guy<\/strong>: Labor contribution for institution<br><strong>Author<\/strong>: Astronomy Center, University of Antofagasta (financed by FNDR 2% of Culture)<br><strong>Role<\/strong>: Astrophotographer<br><strong>Description<\/strong>: Project that seeks to generate various deliverables to disseminate astronomy to the public, mainly schoolchildren, in the context of COVID-19, through digital resources that include 360\u00b0 photospheres from astronomical observatories in the Antofagasta region.<\/p>\n\n\n\n<p><strong>Project<\/strong>: <em>\u201cAstrophotographic Embassy of the Antofagasta Region\u201d (2020)<\/em><br><strong>Guy<\/strong>: Labor contribution for institution<br><strong>Author<\/strong>: Astronomy Center, University of Antofagasta (financed by FNDR 2% of Culture)<br><strong>Role<\/strong>: Leading Astrophotographer<br><strong>Description<\/strong>: This project expands the representativeness and impact of a previously funded astrophotographic exhibition (2017), showing landmarks from 6 communes in the Antofagasta region. This effort adds milestones from 3 new communes to represent the entire region.<\/p>\n\n\n\n<p><strong>Project<\/strong>: \u00ab<em>AstroExplora\u00bb (2017)<\/em><br><strong>Guy<\/strong>: Labor contribution for institution.<br><strong>Author<\/strong>: PAR Explore CONICYT and Astronomy Center, U. de Antofagasta<br><strong>Role<\/strong>: Astrophotographer<br><strong>Description<\/strong>: Initiative to teach about astronomical observatories located in the Antofagasta region, through an interactive app and a virtual reality (VR) set. The user navigates through 360\u00b0 photospheres showing observatories such as Paranal, ALMA, Ckoirama, etc.<\/p>\n\n\n\n<p><strong>Project<\/strong>: <em>\u201cA space for astroculture in the heart of the desert\u201d (2016)<\/em><br><strong>Guy<\/strong>: Labor contribution for institution<br><strong>Author<\/strong>: Astronomy Center, University of Antofagasta (financed by FNDR 2% de Cultura, LEF)<br><strong>Role<\/strong>: Astrophotography instructor<br><strong>Description<\/strong>: This project encourages regional photographers to capture regional landmarks through an astrophotographic exhibition, preceded by an intense workshop on astrophotography techniques, in the cities of Antofagasta and Calama, Chile.<\/p>\n\n\n\n<p><strong>Project<\/strong>: <em>VR images from astronomical observatories in Chile (2015).<\/em><br><strong>Guy<\/strong>: Labor contribution for institution.<br><strong>Author<\/strong>: Chilean Astronomy Society (SOCHIAS)<br><strong>Role<\/strong>: Astrophotographer<br><strong>Description<\/strong>: Brief project to capture 360\u00b0 photospheres from all professional astronomical observatories in Chile, to develop VR sets to be presented at the official Chilean stand during the XXIX IAU General Assembly in Honolulu, Hawai&#039;i, United States.<\/p>","protected":false},"excerpt":{"rendered":"<p>Independent outreach projects Project: \u201cLuz de Luna\u201d (2024)Origin: Fondart Regional 2023 (8,785,000 CLP \/ ~9,680 USD)Role: Lead artistDescription: To enhance and publicize representative landscapes of the Antofagasta region through astrophotographs with the Moon as the protagonist, whose scenes highlight its properties from an interactive and educational perspective. Project: \u201cAstrophotographic guide to the southern sky:\u2026<\/p>","protected":false},"author":1,"featured_media":0,"parent":0,"menu_order":0,"comment_status":"closed","ping_status":"closed","template":"","meta":{"_uag_custom_page_level_css":"","footnotes":""},"class_list":["post-5453","page","type-page","status-publish","hentry"],"magazineBlocksPostFeaturedMedia":{"thumbnail":false,"medium":false,"medium_large":false,"large":false,"1536x1536":false,"2048x2048":false,"trp-custom-language-flag":false},"magazineBlocksPostAuthor":{"name":"Farid","avatar":"https:\/\/secure.gravatar.com\/avatar\/57e8aa07b0d16e13c8408ea413c009fc7da05f4cbb36da0d568b4235b1eaee6b?s=96&r=g"},"magazineBlocksPostCommentsNumber":false,"magazineBlocksPostExcerpt":"Proyectos de divulgaci\u00f3n aut\u00f3nomos Proyecto: \u00abLuz de Luna\u201d (2024)Origen: Fondart Regional 2023 (8,785,000 CLP \/ ~9,680 USD)Rol: Artista principal.Descripci\u00f3n: Realzar y dar a conocer paisajes representativos de la regi\u00f3n de Antofagasta mediante astrofotograf\u00edas con la Luna como protagonista, cuyas escenas resalten sus propiedades desde una mirada interactiva y educativa. Proyecto: \u00abGu\u00eda astrofotogr\u00e1fica del cielo austral:&hellip;","magazineBlocksPostCategories":[],"magazineBlocksPostViewCount":0,"magazineBlocksPostReadTime":5,"uagb_featured_image_src":{"full":false,"thumbnail":false,"medium":false,"medium_large":false,"large":false,"1536x1536":false,"2048x2048":false,"trp-custom-language-flag":false},"uagb_author_info":{"display_name":"Farid","author_link":"https:\/\/austrinus.com\/en\/author\/farid\/"},"uagb_comment_info":0,"uagb_excerpt":"Proyectos de divulgaci\u00f3n aut\u00f3nomos Proyecto: \u00abLuz de Luna\u201d (2024)Origen: Fondart Regional 2023 (8,785,000 CLP \/ ~9,680 USD)Rol: Artista principal.Descripci\u00f3n: Realzar y dar a conocer paisajes representativos de la regi\u00f3n de Antofagasta mediante astrofotograf\u00edas con la Luna como protagonista, cuyas escenas resalten sus propiedades desde una mirada interactiva y educativa. Proyecto: \u00abGu\u00eda astrofotogr\u00e1fica del cielo austral:&hellip;","_links":{"self":[{"href":"https:\/\/austrinus.com\/en\/wp-json\/wp\/v2\/pages\/5453","targetHints":{"allow":["GET"]}}],"collection":[{"href":"https:\/\/austrinus.com\/en\/wp-json\/wp\/v2\/pages"}],"about":[{"href":"https:\/\/austrinus.com\/en\/wp-json\/wp\/v2\/types\/page"}],"author":[{"embeddable":true,"href":"https:\/\/austrinus.com\/en\/wp-json\/wp\/v2\/users\/1"}],"replies":[{"embeddable":true,"href":"https:\/\/austrinus.com\/en\/wp-json\/wp\/v2\/comments?post=5453"}],"version-history":[{"count":1,"href":"https:\/\/austrinus.com\/en\/wp-json\/wp\/v2\/pages\/5453\/revisions"}],"predecessor-version":[{"id":7980,"href":"https:\/\/austrinus.com\/en\/wp-json\/wp\/v2\/pages\/5453\/revisions\/7980"}],"wp:attachment":[{"href":"https:\/\/austrinus.com\/en\/wp-json\/wp\/v2\/media?parent=5453"}],"curies":[{"name":"wp","href":"https:\/\/api.w.org\/{rel}","templated":true}]}}