{"id":4755,"date":"2018-08-01T03:08:46","date_gmt":"2018-08-01T03:08:46","guid":{"rendered":"http:\/\/austrinus.com\/?page_id=4755"},"modified":"2022-11-27T18:02:24","modified_gmt":"2022-11-27T21:02:24","slug":"guias-utiles","status":"publish","type":"page","link":"https:\/\/austrinus.com\/en\/recursos\/guias-utiles\/","title":{"rendered":"Helpful guides"},"content":{"rendered":"<p align=\"justify\">This section publishes useful guides related to various astronomy topics, so that the user has a reference document that helps them understand a specific concept, perform some action or better understand a certain type of technique. Access any of them from the table below:<\/p>\n<p align=\"justify\">\n<table id=\"tablepress-21\" class=\"tablepress tablepress-id-21\">\n<thead>\n<tr class=\"row-1\">\n\t<th class=\"column-1\">Tutorial<\/th><th class=\"column-2\">Description<\/th><th class=\"column-3\">Link<\/th>\n<\/tr>\n<\/thead>\n<tbody class=\"row-striping row-hover\">\n<tr class=\"row-2\">\n\t<td class=\"column-1\">Astrophotography notions and some basic techniques<\/td><td class=\"column-2\">Document detailing the main types of night sky photographs, as well as possible accessories to consider.<br \/>\n<\/td><td class=\"column-3\"><a href=\"http:\/\/austrinus.com\/recursos\/guias-utiles\/guia-1\/\">Visualize<\/a><\/td>\n<\/tr>\n<tr class=\"row-3\">\n\t<td class=\"column-1\">Recommendations when buying a telescope<\/td><td class=\"column-2\">Document that compiles various suggestions for purchasing instruments, including details on what to look for, types of telescopes and mounts, etc.<\/td><td class=\"column-3\"><a href=\"http:\/\/austrinus.com\/recursos\/guias-utiles\/guia-2\/\">Visualize<\/a><\/td>\n<\/tr>\n<tr class=\"row-4\">\n\t<td class=\"column-1\">Home and outdoor observation<\/td><td class=\"column-2\">Document that compares observation from home and that in the field, showing advantages, disadvantages and suggestions of objects to observe.<\/td><td class=\"column-3\"><a href=\"http:\/\/austrinus.com\/recursos\/guias-utiles\/guia-3\/\">Visualize<\/a><\/td>\n<\/tr>\n<\/tbody>\n<\/table>\n<!-- #tablepress-21 from cache -->","protected":false},"excerpt":{"rendered":"<p>This section publishes useful guides related to various astronomy topics, so that the user has a reference document that helps them understand a specific concept, perform some action or better understand a certain type of technique. Access any of them from the table below:<\/p>","protected":false},"author":1,"featured_media":6358,"parent":75,"menu_order":0,"comment_status":"closed","ping_status":"closed","template":"","meta":{"_uag_custom_page_level_css":"","footnotes":""},"class_list":["post-4755","page","type-page","status-publish","has-post-thumbnail","hentry"],"magazineBlocksPostFeaturedMedia":{"thumbnail":"https:\/\/austrinus.com\/wp-content\/uploads\/2022\/11\/recursos1-icon-150x150.jpg","medium":"https:\/\/austrinus.com\/wp-content\/uploads\/2022\/11\/recursos1-icon-300x200.jpg","medium_large":"https:\/\/austrinus.com\/wp-content\/uploads\/2022\/11\/recursos1-icon-768x512.jpg","large":"https:\/\/austrinus.com\/wp-content\/uploads\/2022\/11\/recursos1-icon-1024x683.jpg","1536x1536":"https:\/\/austrinus.com\/wp-content\/uploads\/2022\/11\/recursos1-icon.jpg","2048x2048":"https:\/\/austrinus.com\/wp-content\/uploads\/2022\/11\/recursos1-icon.jpg","trp-custom-language-flag":"https:\/\/austrinus.com\/wp-content\/uploads\/2022\/11\/recursos1-icon.jpg"},"magazineBlocksPostAuthor":{"name":"Farid","avatar":"https:\/\/secure.gravatar.com\/avatar\/57e8aa07b0d16e13c8408ea413c009fc7da05f4cbb36da0d568b4235b1eaee6b?s=96&r=g"},"magazineBlocksPostCommentsNumber":false,"magazineBlocksPostExcerpt":"En esta secci\u00f3n se publican gu\u00edas \u00fatiles relacionadas con diversos temas de astronom\u00eda, a fin que el usuario disponga de un documento de referencia que lo ayude a comprender alg\u00fan concepto espec\u00edfico, realizar alguna acci\u00f3n o comprender mejor un cierto tipo de t\u00e9cnica. Accede a cualquiera de ellos desde la tabla a continuaci\u00f3n:","magazineBlocksPostCategories":[],"magazineBlocksPostViewCount":0,"magazineBlocksPostReadTime":1,"uagb_featured_image_src":{"full":["https:\/\/austrinus.com\/wp-content\/uploads\/2022\/11\/recursos1-icon.jpg",1200,800,false],"thumbnail":["https:\/\/austrinus.com\/wp-content\/uploads\/2022\/11\/recursos1-icon-150x150.jpg",150,150,true],"medium":["https:\/\/austrinus.com\/wp-content\/uploads\/2022\/11\/recursos1-icon-300x200.jpg",300,200,true],"medium_large":["https:\/\/austrinus.com\/wp-content\/uploads\/2022\/11\/recursos1-icon-768x512.jpg",640,427,true],"large":["https:\/\/austrinus.com\/wp-content\/uploads\/2022\/11\/recursos1-icon-1024x683.jpg",640,427,true],"1536x1536":["https:\/\/austrinus.com\/wp-content\/uploads\/2022\/11\/recursos1-icon.jpg",1200,800,false],"2048x2048":["https:\/\/austrinus.com\/wp-content\/uploads\/2022\/11\/recursos1-icon.jpg",1200,800,false],"trp-custom-language-flag":["https:\/\/austrinus.com\/wp-content\/uploads\/2022\/11\/recursos1-icon.jpg",18,12,false]},"uagb_author_info":{"display_name":"Farid","author_link":"https:\/\/austrinus.com\/en\/author\/farid\/"},"uagb_comment_info":0,"uagb_excerpt":"En esta secci\u00f3n se publican gu\u00edas \u00fatiles relacionadas con diversos temas de astronom\u00eda, a fin que el usuario disponga de un documento de referencia que lo ayude a comprender alg\u00fan concepto espec\u00edfico, realizar alguna acci\u00f3n o comprender mejor un cierto tipo de t\u00e9cnica. Accede a cualquiera de ellos desde la tabla a continuaci\u00f3n:","_links":{"self":[{"href":"https:\/\/austrinus.com\/en\/wp-json\/wp\/v2\/pages\/4755","targetHints":{"allow":["GET"]}}],"collection":[{"href":"https:\/\/austrinus.com\/en\/wp-json\/wp\/v2\/pages"}],"about":[{"href":"https:\/\/austrinus.com\/en\/wp-json\/wp\/v2\/types\/page"}],"author":[{"embeddable":true,"href":"https:\/\/austrinus.com\/en\/wp-json\/wp\/v2\/users\/1"}],"replies":[{"embeddable":true,"href":"https:\/\/austrinus.com\/en\/wp-json\/wp\/v2\/comments?post=4755"}],"version-history":[{"count":1,"href":"https:\/\/austrinus.com\/en\/wp-json\/wp\/v2\/pages\/4755\/revisions"}],"predecessor-version":[{"id":7061,"href":"https:\/\/austrinus.com\/en\/wp-json\/wp\/v2\/pages\/4755\/revisions\/7061"}],"up":[{"embeddable":true,"href":"https:\/\/austrinus.com\/en\/wp-json\/wp\/v2\/pages\/75"}],"wp:featuredmedia":[{"embeddable":true,"href":"https:\/\/austrinus.com\/en\/wp-json\/wp\/v2\/media\/6358"}],"wp:attachment":[{"href":"https:\/\/austrinus.com\/en\/wp-json\/wp\/v2\/media?parent=4755"}],"curies":[{"name":"wp","href":"https:\/\/api.w.org\/{rel}","templated":true}]}}