{"id":4665,"date":"2018-07-25T05:22:39","date_gmt":"2018-07-25T05:22:39","guid":{"rendered":"http:\/\/austrinus.com\/?page_id=4665"},"modified":"2022-11-10T04:02:31","modified_gmt":"2022-11-10T04:02:31","slug":"argo-navis","status":"publish","type":"page","link":"https:\/\/austrinus.com\/en\/recursos\/argo-navis\/","title":{"rendered":"Argo Navis e-zine"},"content":{"rendered":"<p align=\"justify\"><strong><img loading=\"lazy\" decoding=\"async\" class=\"size-medium wp-image-4681 alignright\" src=\"http:\/\/austrinus.com\/wp-content\/uploads\/2018\/07\/home-argonavis-300x43.jpg\" alt=\"\" width=\"300\" height=\"43\" srcset=\"https:\/\/austrinus.com\/wp-content\/uploads\/2018\/07\/home-argonavis-300x43.jpg 300w, https:\/\/austrinus.com\/wp-content\/uploads\/2018\/07\/home-argonavis.jpg 555w\" sizes=\"auto, (max-width: 300px) 100vw, 300px\" \/>Argo Navis<\/strong>\u00a0was an electronic magazine of Astronomy in Chile, edited by a team of serious and enthusiastic amateur astronomers, with various sections of interest and written in a language understandable to anyone interested in the subject. Its publication format is Adobe PDF and it was published bimonthly between 2005 and 2008 (it had 23 editions).<\/p>\r\n<p align=\"justify\"><strong>Current status<\/strong><\/p>\r\n<p align=\"justify\">Currently, the Argo Navis project has ended, but its collection of online and print editions remains a free and freely circulating legacy. The online editions can be accessed in two ways: through the web <a href=\"http:\/\/www.tauzero.org\/\">TauZero<\/a> (website dedicated to science fiction and scientific assessment); and through the table shown below:<\/p>\r\n\n<table id=\"tablepress-18\" class=\"tablepress tablepress-id-18\">\n<thead>\n<tr class=\"row-1\">\n\t<th class=\"column-1\">Edition<\/th><th class=\"column-2\">Link<\/th><th class=\"column-3\">Edition<\/th><th class=\"column-4\">Visualization link<\/th>\n<\/tr>\n<\/thead>\n<tbody class=\"row-striping row-hover\">\n<tr class=\"row-2\">\n\t<td class=\"column-1\">Argo Navis #1<\/td><td class=\"column-2\"><a href=\"http:\/\/austrinus.com\/recursos\/argo-navis\/argo-navis-1\/\">Visualize<\/a><\/td><td class=\"column-3\">Argo Navis #13<\/td><td class=\"column-4\"><a href=\"http:\/\/austrinus.com\/recursos\/argo-navis\/argo-navis-13\/\">Visualize<\/a><\/td>\n<\/tr>\n<tr class=\"row-3\">\n\t<td class=\"column-1\">Argo Navis #2<\/td><td class=\"column-2\"><a href=\"http:\/\/austrinus.com\/recursos\/argo-navis\/argo-navis-2\/\">Visualize<\/a><\/td><td class=\"column-3\">Argo Navis #14<\/td><td class=\"column-4\"><a href=\"http:\/\/austrinus.com\/recursos\/argo-navis\/argo-navis-14\/\">Visualize<\/a><\/td>\n<\/tr>\n<tr class=\"row-4\">\n\t<td class=\"column-1\">Argo Navis #3<\/td><td class=\"column-2\"><a href=\"http:\/\/austrinus.com\/recursos\/argo-navis\/argo-navis-3\/\">Visualize<\/a><\/td><td class=\"column-3\">Argo Navis #15<\/td><td class=\"column-4\"><a href=\"http:\/\/austrinus.com\/recursos\/argo-navis\/argo-navis-15\/\">Visualize<\/a><\/td>\n<\/tr>\n<tr class=\"row-5\">\n\t<td class=\"column-1\">Argo Navis #4<\/td><td class=\"column-2\"><a href=\"http:\/\/austrinus.com\/recursos\/argo-navis\/argo-navis-4\/\">Visualize<\/a><\/td><td class=\"column-3\">Argo Navis #16<\/td><td class=\"column-4\"><a href=\"http:\/\/austrinus.com\/recursos\/argo-navis\/argo-navis-16\/\">Visualize<\/a><\/td>\n<\/tr>\n<tr class=\"row-6\">\n\t<td class=\"column-1\">Argo Navis #5<\/td><td class=\"column-2\"><a href=\"http:\/\/austrinus.com\/recursos\/argo-navis\/argo-navis-5\/\">Visualize<\/a><\/td><td class=\"column-3\">Argo Navis #17<\/td><td class=\"column-4\"><a href=\"http:\/\/austrinus.com\/recursos\/argo-navis\/argo-navis-17\/\">Visualize<\/a><\/td>\n<\/tr>\n<tr class=\"row-7\">\n\t<td class=\"column-1\">Argo Navis #6<\/td><td class=\"column-2\"><a href=\"http:\/\/austrinus.com\/recursos\/argo-navis\/argo-navis-6\/\">Visualize<\/a><\/td><td class=\"column-3\">Argo Navis #18<\/td><td class=\"column-4\"><a href=\"http:\/\/austrinus.com\/recursos\/argo-navis\/argo-navis-18\/\">Visualize<\/a><\/td>\n<\/tr>\n<tr class=\"row-8\">\n\t<td class=\"column-1\">Argo Navis #7<\/td><td class=\"column-2\"><a href=\"http:\/\/austrinus.com\/recursos\/argo-navis\/argo-navis-7\/\">Visualize<\/a><\/td><td class=\"column-3\">Argo Navis #19<\/td><td class=\"column-4\"><a href=\"http:\/\/austrinus.com\/recursos\/argo-navis\/argo-navis-19\/\">Visualize<\/a><\/td>\n<\/tr>\n<tr class=\"row-9\">\n\t<td class=\"column-1\">Argo Navis #8<\/td><td class=\"column-2\"><a href=\"http:\/\/austrinus.com\/recursos\/argo-navis\/argo-navis-8\/\">Visualize<\/a><\/td><td class=\"column-3\">Argo Navis #20<\/td><td class=\"column-4\"><a href=\"http:\/\/austrinus.com\/recursos\/argo-navis\/argo-navis-20\/\">Visualize<\/a><\/td>\n<\/tr>\n<tr class=\"row-10\">\n\t<td class=\"column-1\">Argo Navis #9<\/td><td class=\"column-2\"><a href=\"http:\/\/austrinus.com\/recursos\/argo-navis\/argo-navis-9\/\">Visualize<\/a><\/td><td class=\"column-3\">Argo Navis #21<\/td><td class=\"column-4\"><a href=\"http:\/\/austrinus.com\/recursos\/argo-navis\/argo-navis-21\/\">Visualize<\/a><\/td>\n<\/tr>\n<tr class=\"row-11\">\n\t<td class=\"column-1\">Argo Navis #10<\/td><td class=\"column-2\"><a href=\"http:\/\/austrinus.com\/recursos\/argo-navis\/argo-navis-10\/\">Visualize<\/a><\/td><td class=\"column-3\">Argo Navis #22<\/td><td class=\"column-4\"><a href=\"http:\/\/austrinus.com\/recursos\/argo-navis\/argo-navis-22\/\">Visualize<\/a><\/td>\n<\/tr>\n<tr class=\"row-12\">\n\t<td class=\"column-1\">Argo Navis #11<\/td><td class=\"column-2\"><a href=\"http:\/\/austrinus.com\/recursos\/argo-navis\/argo-navis-11\/\">Visualize<\/a><\/td><td class=\"column-3\">Argo Navis #23<\/td><td class=\"column-4\"><a href=\"http:\/\/austrinus.com\/recursos\/argo-navis\/argo-navis-23\/\">Visualize<\/a><\/td>\n<\/tr>\n<tr class=\"row-13\">\n\t<td class=\"column-1\">Argo Navis #12<\/td><td class=\"column-2\"><a href=\"http:\/\/austrinus.com\/recursos\/argo-navis\/argo-navis-12\/\">Visualize<\/a><\/td><td class=\"column-3\"><\/td><td class=\"column-4\"><\/td>\n<\/tr>\n<\/tbody>\n<\/table>\n<!-- #tablepress-18 from cache -->\r\n<p><!--nextpage--><\/p>\r\n<p align=\"justify\"><strong>Context of this publication<\/strong><\/p>\r\n<p align=\"justify\"><img loading=\"lazy\" decoding=\"async\" class=\"size-full wp-image-3234 alignright\" src=\"http:\/\/austrinus.com\/wp-content\/uploads\/2014\/12\/argonavis-ezine-icon.jpg\" alt=\"\" width=\"97\" height=\"125\" \/>Argo Navis was edited by a team made up of amateur astronomers, motivated by their enthusiasm and passion for astronomy, who saw in this publication an instance of useful dissemination to the amateur community, both Chilean and Spanish-speaking.<\/p>\r\n<p style=\"text-align: justify;\">Because the Argo Navis team in its original version is based within the Antofagasta region (Chile), the magazine has several contents directed\/related to this location. In any case, these contents may also be of interest, due to the relevance of northern Chile as a world-renowned place for astronomy.<\/p>\r\n<p><strong>Why Argo Navis?<\/strong><\/p>\r\n<p style=\"text-align: justify;\">Famous in mythology, Argo Navis was a Greek ship in which Jason and the Argonauts went in search of the mythical Golden Fleece. Thousands of years ago it formed a single gigantic constellation in the southern sky, but it was later divided into 4 that correspond to the main parts of the ship: Carina (the Keel), Puppis (the Stern), Vela (the Sail) and Pyxis (the Compass). This name was chosen because it represents one of the largest constellations of antiquity, in addition to being located in a very southern region of the sky (it can only be seen from the Southern Hemisphere), providing a touch of representativeness to its place of origin.<\/p>\r\n<p><strong>Print editions #13 and #16 (2007)<\/strong><\/p>\r\n<p align=\"justify\"><img loading=\"lazy\" decoding=\"async\" class=\"alignright\" title=\"Printed Argo Navis Editions\" src=\"http:\/\/austrinus.com\/resources\/img\/argonavis-printed.jpg\" alt=\"Ediciones de Argo Navis impresas\" width=\"251\" height=\"157\" \/>Argo Navis managed to have 2 printed editions during its useful life (print run of 500 units), launched simultaneously with the online editions #13 and #16. This was achieved thanks to funds from the Universidad Cat\u00f3lica del Norte (Antofagasta, Chile). These units were distributed in educational centers in the Antofagasta region, amateur groups and astronomical institutions in the country.<\/p>\r\n<p><!--nextpage--><\/p>\r\n<p><strong>Who made up the original team for this project?<\/strong><\/p>\r\n<p>The original team of this project (between 2005 and 2008) was composed of:<\/p>\r\n\n<table id=\"tablepress-17\" class=\"tablepress tablepress-id-17\">\n<thead>\n<tr class=\"row-1\">\n\t<th class=\"column-1\">Name<\/th><th class=\"column-2\">Location<\/th><th class=\"column-3\">Section(s)<\/th><th class=\"column-4\">Review<\/th>\n<\/tr>\n<\/thead>\n<tbody class=\"row-striping row-hover\">\n<tr class=\"row-2\">\n\t<td class=\"column-1\">Farid Char<\/td><td class=\"column-2\">Antofagasta, Chile<\/td><td class=\"column-3\">23\u00ba S 70\u00ba W, Opinion, Stars, Coffee and Cookies<\/td><td class=\"column-4\">Farid is the author of Austrinus, he has more than 15 years of experience in dissemination.<\/td>\n<\/tr>\n<tr class=\"row-3\">\n\t<td class=\"column-1\">Jeudy Blanco<\/td><td class=\"column-2\">Cartago, Costa Rica<\/td><td class=\"column-3\">Astrophotography<\/td><td class=\"column-4\">Jeudy is a member of the Costa Rican Astronomy Association and an MSc student in astrophysics.<\/td>\n<\/tr>\n<tr class=\"row-4\">\n\t<td class=\"column-1\">Jessica Fernandez<\/td><td class=\"column-2\">Calama, Chile<\/td><td class=\"column-3\">observing<\/td><td class=\"column-4\">Jessica has been a fan since 1999. She has participated in several groups in this city.<\/td>\n<\/tr>\n<tr class=\"row-5\">\n\t<td class=\"column-1\">Cesar Mu\u00f1oz<\/td><td class=\"column-2\">Concepcion, Chile<\/td><td class=\"column-3\">23\u00ba S 70\u00ba W<\/td><td class=\"column-4\">C\u00e9sar is an astronomy fan and has a degree in astronomy from the U. de Concepci\u00f3n.<\/td>\n<\/tr>\n<tr class=\"row-6\">\n\t<td class=\"column-1\">Hugo Jara<\/td><td class=\"column-2\">Talcahuano, Chile<\/td><td class=\"column-3\">Opinion, Stars, Coffee and Cookies<\/td><td class=\"column-4\">Hugo is a Civil Engineer and astronomy fan, he has his own observatory.<\/td>\n<\/tr>\n<tr class=\"row-7\">\n\t<td class=\"column-1\">Omar Vega<\/td><td class=\"column-2\">Santiago, Chile<\/td><td class=\"column-3\">Visions<\/td><td class=\"column-4\">Omar is a computer engineer with a postgraduate degree in computer vision. SF short story writer.<\/td>\n<\/tr>\n<tr class=\"row-8\">\n\t<td class=\"column-1\">Daniel Villalobos<\/td><td class=\"column-2\">Taltal, Chile<\/td><td class=\"column-3\">Mythology<\/td><td class=\"column-4\">Daniel is an astronomy fan and director of the Taltal Astronomy and Astronautics Club.<\/td>\n<\/tr>\n<\/tbody>\n<\/table>","protected":false},"excerpt":{"rendered":"<p>Argo Navis was an electronic magazine of Astronomy in Chile, edited by a team of serious and enthusiastic amateur astronomers, with various sections of interest and written in a language understandable to anyone interested in the subject. Its publication format is Adobe PDF and it was published bimonthly between 2005 and 2008 (it had 23\u2026<\/p>","protected":false},"author":1,"featured_media":0,"parent":75,"menu_order":0,"comment_status":"closed","ping_status":"closed","template":"","meta":{"_uag_custom_page_level_css":"","footnotes":""},"class_list":["post-4665","page","type-page","status-publish","hentry"],"magazineBlocksPostFeaturedMedia":{"thumbnail":false,"medium":false,"medium_large":false,"large":false,"1536x1536":false,"2048x2048":false,"trp-custom-language-flag":false},"magazineBlocksPostAuthor":{"name":"Farid","avatar":"https:\/\/secure.gravatar.com\/avatar\/57e8aa07b0d16e13c8408ea413c009fc7da05f4cbb36da0d568b4235b1eaee6b?s=96&r=g"},"magazineBlocksPostCommentsNumber":false,"magazineBlocksPostExcerpt":"Argo Navis\u00a0fue una revista electr\u00f3nica de Astronom\u00eda en Chile, editado por un equipo de astr\u00f3nomos aficionados serios y entusiastas, con diversas secciones de inter\u00e9s y escrita en un lenguaje entendible para toda persona interesada en el tema. Su formato de publicaci\u00f3n es Adobe PDF y fue publicada bimestralmente entre 2005 y 2008 (cont\u00f3 con 23&hellip;","magazineBlocksPostCategories":[],"magazineBlocksPostViewCount":0,"magazineBlocksPostReadTime":3,"uagb_featured_image_src":{"full":false,"thumbnail":false,"medium":false,"medium_large":false,"large":false,"1536x1536":false,"2048x2048":false,"trp-custom-language-flag":false},"uagb_author_info":{"display_name":"Farid","author_link":"https:\/\/austrinus.com\/en\/author\/farid\/"},"uagb_comment_info":0,"uagb_excerpt":"Argo Navis\u00a0fue una revista electr\u00f3nica de Astronom\u00eda en Chile, editado por un equipo de astr\u00f3nomos aficionados serios y entusiastas, con diversas secciones de inter\u00e9s y escrita en un lenguaje entendible para toda persona interesada en el tema. Su formato de publicaci\u00f3n es Adobe PDF y fue publicada bimestralmente entre 2005 y 2008 (cont\u00f3 con 23&hellip;","_links":{"self":[{"href":"https:\/\/austrinus.com\/en\/wp-json\/wp\/v2\/pages\/4665","targetHints":{"allow":["GET"]}}],"collection":[{"href":"https:\/\/austrinus.com\/en\/wp-json\/wp\/v2\/pages"}],"about":[{"href":"https:\/\/austrinus.com\/en\/wp-json\/wp\/v2\/types\/page"}],"author":[{"embeddable":true,"href":"https:\/\/austrinus.com\/en\/wp-json\/wp\/v2\/users\/1"}],"replies":[{"embeddable":true,"href":"https:\/\/austrinus.com\/en\/wp-json\/wp\/v2\/comments?post=4665"}],"version-history":[{"count":1,"href":"https:\/\/austrinus.com\/en\/wp-json\/wp\/v2\/pages\/4665\/revisions"}],"predecessor-version":[{"id":5934,"href":"https:\/\/austrinus.com\/en\/wp-json\/wp\/v2\/pages\/4665\/revisions\/5934"}],"up":[{"embeddable":true,"href":"https:\/\/austrinus.com\/en\/wp-json\/wp\/v2\/pages\/75"}],"wp:attachment":[{"href":"https:\/\/austrinus.com\/en\/wp-json\/wp\/v2\/media?parent=4665"}],"curies":[{"name":"wp","href":"https:\/\/api.w.org\/{rel}","templated":true}]}}