{"id":4001,"date":"2018-07-27T20:25:17","date_gmt":"2018-07-27T20:25:17","guid":{"rendered":"http:\/\/austrinus.com\/?page_id=4001"},"modified":"2022-12-04T16:46:20","modified_gmt":"2022-12-04T19:46:20","slug":"cohetes-sondas","status":"publish","type":"page","link":"https:\/\/austrinus.com\/en\/exploracion-espacial\/cohetes-sondas\/","title":{"rendered":"Rockets and probes"},"content":{"rendered":"<p align=\"justify\">Space rockets are machines that have the ability to fly into space by exceeding escape velocity, escaping the gravitational force and remaining in orbit, or continue on their way on missions that include exploration probes to other planets or bodies. Of the solar system. They use an internal combustion engine, whose fuel can be solid or liquid, while their mode of operation can consist of a single-stage or multi-stage rocket.<\/p>\n<figure id=\"attachment_7470\" aria-describedby=\"caption-attachment-7470\" style=\"width: 440px\" class=\"wp-caption alignright\"><img loading=\"lazy\" decoding=\"async\" class=\"wp-image-7470\" src=\"http:\/\/austrinus.com\/wp-content\/uploads\/2022\/12\/spacex-launch.jpg\" alt=\"\" width=\"440\" height=\"293\" srcset=\"https:\/\/austrinus.com\/wp-content\/uploads\/2022\/12\/spacex-launch.jpg 800w, https:\/\/austrinus.com\/wp-content\/uploads\/2022\/12\/spacex-launch-300x200.jpg 300w, https:\/\/austrinus.com\/wp-content\/uploads\/2022\/12\/spacex-launch-768x512.jpg 768w, https:\/\/austrinus.com\/wp-content\/uploads\/2022\/12\/spacex-launch-600x400.jpg 600w\" sizes=\"auto, (max-width: 440px) 100vw, 440px\" \/><figcaption id=\"caption-attachment-7470\" class=\"wp-caption-text\">Launch of a SpaceX Falcon 9 rocket.<\/figcaption><\/figure>\n<p align=\"justify\">In the latter case, its operation is that each phase enters into combustion one by one, and each time the fuel in one phase runs out, it is discarded until it ascends through the rest of the phases. The payload goes on the top end of the rocket, which may consist of artificial satellites, an astronaut crew, or an interplanetary probe.<\/p>\n<p align=\"justify\">It is expected that in the future more efficient rockets will be developed, as well as propulsion systems that provide enough energy for long missions.<\/p>\n<p align=\"justify\">The most famous type of rocket used in astronautics is the\u00a0<strong>Saturn V<\/strong>, which served for the Apollo missions that went to the Moon, while among the most famous probes are the missions\u00a0<strong>Voyager<\/strong>,\u00a0<strong>Mars Exploration Rovers<\/strong>\u00a0either\u00a0<strong>Cassini-Huygens<\/strong>.<\/p>\n<p align=\"justify\"><strong>Space probes<\/strong><\/p>\n<p align=\"justify\"><img loading=\"lazy\" decoding=\"async\" class=\"wp-image-7469 alignright\" src=\"http:\/\/austrinus.com\/wp-content\/uploads\/2022\/12\/spacex-probe.jpg\" alt=\"\" width=\"350\" height=\"233\" srcset=\"https:\/\/austrinus.com\/wp-content\/uploads\/2022\/12\/spacex-probe.jpg 800w, https:\/\/austrinus.com\/wp-content\/uploads\/2022\/12\/spacex-probe-300x200.jpg 300w, https:\/\/austrinus.com\/wp-content\/uploads\/2022\/12\/spacex-probe-768x512.jpg 768w, https:\/\/austrinus.com\/wp-content\/uploads\/2022\/12\/spacex-probe-600x400.jpg 600w\" sizes=\"auto, (max-width: 350px) 100vw, 350px\" \/>Space probes, on the other hand, are true scientific laboratories reduced to the size of a device, sometimes no larger than the size of a car. Their purpose is the study of objects in the Solar System, such as planets, asteroids or comets, and they are equipped with a series of instruments that allow them to collect a large amount of data on the object of study.<\/p>\n<p align=\"justify\">They usually include cameras, radars, devices measuring various types of radiation, spectrometers, etc. All must have solar panels to be powered by the Sun&#039;s energy, as well as, in the case of interplanetary probes, thermal protection shields to withstand entry into the planet&#039;s atmosphere.<\/p>","protected":false},"excerpt":{"rendered":"<p>Space rockets are machines that have the ability to fly into space by exceeding escape velocity, escaping the gravitational force and remaining in orbit, or continue on their way on missions that include exploration probes to other planets or bodies. Of the solar system. They use a motor of\u2026<\/p>","protected":false},"author":1,"featured_media":7476,"parent":3946,"menu_order":0,"comment_status":"closed","ping_status":"closed","template":"","meta":{"_uag_custom_page_level_css":"","footnotes":""},"class_list":["post-4001","page","type-page","status-publish","has-post-thumbnail","hentry"],"magazineBlocksPostFeaturedMedia":{"thumbnail":"https:\/\/austrinus.com\/wp-content\/uploads\/2022\/12\/cohetes-sondas-banner-150x150.jpg","medium":"https:\/\/austrinus.com\/wp-content\/uploads\/2022\/12\/cohetes-sondas-banner-300x100.jpg","medium_large":"https:\/\/austrinus.com\/wp-content\/uploads\/2022\/12\/cohetes-sondas-banner-768x256.jpg","large":"https:\/\/austrinus.com\/wp-content\/uploads\/2022\/12\/cohetes-sondas-banner-1024x341.jpg","1536x1536":"https:\/\/austrinus.com\/wp-content\/uploads\/2022\/12\/cohetes-sondas-banner.jpg","2048x2048":"https:\/\/austrinus.com\/wp-content\/uploads\/2022\/12\/cohetes-sondas-banner.jpg","trp-custom-language-flag":"https:\/\/austrinus.com\/wp-content\/uploads\/2022\/12\/cohetes-sondas-banner.jpg"},"magazineBlocksPostAuthor":{"name":"Farid","avatar":"https:\/\/secure.gravatar.com\/avatar\/57e8aa07b0d16e13c8408ea413c009fc7da05f4cbb36da0d568b4235b1eaee6b?s=96&r=g"},"magazineBlocksPostCommentsNumber":false,"magazineBlocksPostExcerpt":"Los cohetes espaciales son m\u00e1quinas que tienen la capacidad de volar al espacio mediante la superaci\u00f3n de la velocidad de escape, escapando de la fuerza gravitatoria y quedar en \u00f3rbita, o bien seguir su camino en aquellas misiones que incluyen sondas de exploraci\u00f3n a otros planetas o cuerpos del Sistema Solar. Utilizan un motor de&hellip;","magazineBlocksPostCategories":[],"magazineBlocksPostViewCount":0,"magazineBlocksPostReadTime":2,"uagb_featured_image_src":{"full":["https:\/\/austrinus.com\/wp-content\/uploads\/2022\/12\/cohetes-sondas-banner.jpg",1200,400,false],"thumbnail":["https:\/\/austrinus.com\/wp-content\/uploads\/2022\/12\/cohetes-sondas-banner-150x150.jpg",150,150,true],"medium":["https:\/\/austrinus.com\/wp-content\/uploads\/2022\/12\/cohetes-sondas-banner-300x100.jpg",300,100,true],"medium_large":["https:\/\/austrinus.com\/wp-content\/uploads\/2022\/12\/cohetes-sondas-banner-768x256.jpg",640,213,true],"large":["https:\/\/austrinus.com\/wp-content\/uploads\/2022\/12\/cohetes-sondas-banner-1024x341.jpg",640,213,true],"1536x1536":["https:\/\/austrinus.com\/wp-content\/uploads\/2022\/12\/cohetes-sondas-banner.jpg",1200,400,false],"2048x2048":["https:\/\/austrinus.com\/wp-content\/uploads\/2022\/12\/cohetes-sondas-banner.jpg",1200,400,false],"trp-custom-language-flag":["https:\/\/austrinus.com\/wp-content\/uploads\/2022\/12\/cohetes-sondas-banner.jpg",18,6,false]},"uagb_author_info":{"display_name":"Farid","author_link":"https:\/\/austrinus.com\/en\/author\/farid\/"},"uagb_comment_info":0,"uagb_excerpt":"Los cohetes espaciales son m\u00e1quinas que tienen la capacidad de volar al espacio mediante la superaci\u00f3n de la velocidad de escape, escapando de la fuerza gravitatoria y quedar en \u00f3rbita, o bien seguir su camino en aquellas misiones que incluyen sondas de exploraci\u00f3n a otros planetas o cuerpos del Sistema Solar. Utilizan un motor de&hellip;","_links":{"self":[{"href":"https:\/\/austrinus.com\/en\/wp-json\/wp\/v2\/pages\/4001","targetHints":{"allow":["GET"]}}],"collection":[{"href":"https:\/\/austrinus.com\/en\/wp-json\/wp\/v2\/pages"}],"about":[{"href":"https:\/\/austrinus.com\/en\/wp-json\/wp\/v2\/types\/page"}],"author":[{"embeddable":true,"href":"https:\/\/austrinus.com\/en\/wp-json\/wp\/v2\/users\/1"}],"replies":[{"embeddable":true,"href":"https:\/\/austrinus.com\/en\/wp-json\/wp\/v2\/comments?post=4001"}],"version-history":[{"count":1,"href":"https:\/\/austrinus.com\/en\/wp-json\/wp\/v2\/pages\/4001\/revisions"}],"predecessor-version":[{"id":7475,"href":"https:\/\/austrinus.com\/en\/wp-json\/wp\/v2\/pages\/4001\/revisions\/7475"}],"up":[{"embeddable":true,"href":"https:\/\/austrinus.com\/en\/wp-json\/wp\/v2\/pages\/3946"}],"wp:featuredmedia":[{"embeddable":true,"href":"https:\/\/austrinus.com\/en\/wp-json\/wp\/v2\/media\/7476"}],"wp:attachment":[{"href":"https:\/\/austrinus.com\/en\/wp-json\/wp\/v2\/media?parent=4001"}],"curies":[{"name":"wp","href":"https:\/\/api.w.org\/{rel}","templated":true}]}}