{"id":3960,"date":"2018-07-27T18:23:06","date_gmt":"2018-07-27T18:23:06","guid":{"rendered":"http:\/\/austrinus.com\/?page_id=3960"},"modified":"2022-11-10T03:11:03","modified_gmt":"2022-11-10T03:11:03","slug":"herramientas","status":"publish","type":"page","link":"https:\/\/austrinus.com\/en\/recursos\/herramientas\/","title":{"rendered":"Tools"},"content":{"rendered":"<p style=\"text-align: justify;\"><img loading=\"lazy\" decoding=\"async\" class=\"alignright wp-image-2771\" src=\"http:\/\/austrinus.com\/wp-content\/uploads\/2015\/01\/herramientas-practicas-icon-300x214.jpg\" alt=\"herramientas-practicas-icon\" width=\"200\" height=\"143\" srcset=\"https:\/\/austrinus.com\/wp-content\/uploads\/2015\/01\/herramientas-practicas-icon-300x214.jpg 300w, https:\/\/austrinus.com\/wp-content\/uploads\/2015\/01\/herramientas-practicas-icon.jpg 392w\" sizes=\"auto, (max-width: 200px) 100vw, 200px\" \/>Over time, numerous resources have emerged that have undoubtedly enhanced and diversified amateur astronomy. These tools today are within the reach of almost any fan and allow both adults and children to marvel at the stars and science in general, with a strong emphasis on the use of new technologies.<\/p>\n<p style=\"text-align: justify;\">That is why this section lists some of the most important ones, divided into: reading material (books), multimedia material (documentaries and series) and computing material (software), which you can access from the side column. Some of these resources are my own authorship, and have been created as part of my work in the Dissemination area of the Astronomy Unit of the University of Antofagasta.<\/p>\n<p style=\"text-align: justify;\">The resources described here may grow in the future, as new and better tools appear for the hobbyist. If you have any suggestions to include among the educational topics addressed here, or contribute with a specific tool, you can also <a href=\"http:\/\/austrinus.com\/contacto\">contact me<\/a>.<\/p>","protected":false},"excerpt":{"rendered":"<p>Over time, numerous resources have emerged that have undoubtedly enhanced and diversified amateur astronomy. These tools today are within the reach of almost any fan and allow both adults and children to marvel at the stars and science in general, with a strong emphasis on taking advantage of new...<\/p>","protected":false},"author":1,"featured_media":0,"parent":75,"menu_order":0,"comment_status":"closed","ping_status":"closed","template":"","meta":{"_uag_custom_page_level_css":"","footnotes":""},"class_list":["post-3960","page","type-page","status-publish","hentry"],"magazineBlocksPostFeaturedMedia":{"thumbnail":false,"medium":false,"medium_large":false,"large":false,"1536x1536":false,"2048x2048":false,"trp-custom-language-flag":false},"magazineBlocksPostAuthor":{"name":"Farid","avatar":"https:\/\/secure.gravatar.com\/avatar\/57e8aa07b0d16e13c8408ea413c009fc7da05f4cbb36da0d568b4235b1eaee6b?s=96&r=g"},"magazineBlocksPostCommentsNumber":false,"magazineBlocksPostExcerpt":"A trav\u00e9s del tiempo, han surgido numerosos recursos que sin duda han potenciado y diversificado la astronom\u00eda amateur. Estas herramientas hoy est\u00e1n al alcance de casi cualquier aficionado y permiten que tanto grandes y chicos puedan maravillarse con los astros y la ciencia en general, con un fuerte \u00e9nfasis en el aprovechamiento de las nuevas&hellip;","magazineBlocksPostCategories":[],"magazineBlocksPostViewCount":0,"magazineBlocksPostReadTime":1,"uagb_featured_image_src":{"full":false,"thumbnail":false,"medium":false,"medium_large":false,"large":false,"1536x1536":false,"2048x2048":false,"trp-custom-language-flag":false},"uagb_author_info":{"display_name":"Farid","author_link":"https:\/\/austrinus.com\/en\/author\/farid\/"},"uagb_comment_info":0,"uagb_excerpt":"A trav\u00e9s del tiempo, han surgido numerosos recursos que sin duda han potenciado y diversificado la astronom\u00eda amateur. Estas herramientas hoy est\u00e1n al alcance de casi cualquier aficionado y permiten que tanto grandes y chicos puedan maravillarse con los astros y la ciencia en general, con un fuerte \u00e9nfasis en el aprovechamiento de las nuevas&hellip;","_links":{"self":[{"href":"https:\/\/austrinus.com\/en\/wp-json\/wp\/v2\/pages\/3960","targetHints":{"allow":["GET"]}}],"collection":[{"href":"https:\/\/austrinus.com\/en\/wp-json\/wp\/v2\/pages"}],"about":[{"href":"https:\/\/austrinus.com\/en\/wp-json\/wp\/v2\/types\/page"}],"author":[{"embeddable":true,"href":"https:\/\/austrinus.com\/en\/wp-json\/wp\/v2\/users\/1"}],"replies":[{"embeddable":true,"href":"https:\/\/austrinus.com\/en\/wp-json\/wp\/v2\/comments?post=3960"}],"version-history":[{"count":1,"href":"https:\/\/austrinus.com\/en\/wp-json\/wp\/v2\/pages\/3960\/revisions"}],"predecessor-version":[{"id":5875,"href":"https:\/\/austrinus.com\/en\/wp-json\/wp\/v2\/pages\/3960\/revisions\/5875"}],"up":[{"embeddable":true,"href":"https:\/\/austrinus.com\/en\/wp-json\/wp\/v2\/pages\/75"}],"wp:attachment":[{"href":"https:\/\/austrinus.com\/en\/wp-json\/wp\/v2\/media?parent=3960"}],"curies":[{"name":"wp","href":"https:\/\/api.w.org\/{rel}","templated":true}]}}