{"id":3956,"date":"2018-07-27T18:22:05","date_gmt":"2018-07-27T18:22:05","guid":{"rendered":"http:\/\/austrinus.com\/?page_id=3956"},"modified":"2025-01-17T05:16:13","modified_gmt":"2025-01-17T08:16:13","slug":"instrumental","status":"publish","type":"page","link":"https:\/\/austrinus.com\/en\/observacion\/instrumental\/","title":{"rendered":"Instrumental"},"content":{"rendered":"<p align=\"justify\"><img loading=\"lazy\" decoding=\"async\" class=\"alignright wp-image-3091\" src=\"http:\/\/austrinus.com\/wp-content\/uploads\/2015\/01\/instrumentos-icon-266x300.jpg\" alt=\"\" width=\"200\" height=\"225\" srcset=\"https:\/\/austrinus.com\/wp-content\/uploads\/2015\/01\/instrumentos-icon-266x300.jpg 266w, https:\/\/austrinus.com\/wp-content\/uploads\/2015\/01\/instrumentos-icon.jpg 350w\" sizes=\"auto, (max-width: 200px) 100vw, 200px\" \/>The amateur has various astronomical instruments at his disposal to complement his observations. However, at first we don&#039;t know where to start or what to consider when purchasing one. The instruments are very varied and each one will have different uses according to their own needs.<\/p>\n<p align=\"justify\">The subsections presented here illustrate different types of instruments, accessories and tools for the hobbyist. Of course, it is not necessary or essential to have all of these items. The important aspect is to have basic notions and knowledge of astronomy, become familiar with the night sky and progress gradually, in order to make the best decision about a potential investment in an instrument and obtain the maximum benefit.<\/p>","protected":false},"excerpt":{"rendered":"<p>The amateur has various astronomical instruments at his disposal to complement his observations. However, at first we don&#039;t know where to start or what to consider when purchasing one. The instruments are very varied and each one will have different uses according to their own needs. The subsections presented here illustrate different types\u2026<\/p>","protected":false},"author":1,"featured_media":6987,"parent":98,"menu_order":0,"comment_status":"closed","ping_status":"closed","template":"","meta":{"_uag_custom_page_level_css":"","footnotes":""},"class_list":["post-3956","page","type-page","status-publish","has-post-thumbnail","hentry"],"magazineBlocksPostFeaturedMedia":{"thumbnail":"https:\/\/austrinus.com\/wp-content\/uploads\/2022\/11\/instrumental-banner-1-150x150.jpg","medium":"https:\/\/austrinus.com\/wp-content\/uploads\/2022\/11\/instrumental-banner-1-300x200.jpg","medium_large":"https:\/\/austrinus.com\/wp-content\/uploads\/2022\/11\/instrumental-banner-1-768x512.jpg","large":"https:\/\/austrinus.com\/wp-content\/uploads\/2022\/11\/instrumental-banner-1-1024x683.jpg","1536x1536":"https:\/\/austrinus.com\/wp-content\/uploads\/2022\/11\/instrumental-banner-1.jpg","2048x2048":"https:\/\/austrinus.com\/wp-content\/uploads\/2022\/11\/instrumental-banner-1.jpg","trp-custom-language-flag":"https:\/\/austrinus.com\/wp-content\/uploads\/2022\/11\/instrumental-banner-1.jpg"},"magazineBlocksPostAuthor":{"name":"Farid","avatar":"https:\/\/secure.gravatar.com\/avatar\/57e8aa07b0d16e13c8408ea413c009fc7da05f4cbb36da0d568b4235b1eaee6b?s=96&r=g"},"magazineBlocksPostCommentsNumber":false,"magazineBlocksPostExcerpt":"El aficionado cuenta con diverso instrumental astron\u00f3mico a su disposici\u00f3n para complementar sus observaciones. Sin embargo, al principio no sabemos por cu\u00e1l comenzar o qu\u00e9 considerar al momento de adquirir alguno. Los instrumentales son muy variados y cada uno tendr\u00e1 distinta utilidad de acuerdo a las necesidades propias. Las subsecciones aqu\u00ed presentadas ilustran distinto tipos&hellip;","magazineBlocksPostCategories":[],"magazineBlocksPostViewCount":0,"magazineBlocksPostReadTime":1,"uagb_featured_image_src":{"full":["https:\/\/austrinus.com\/wp-content\/uploads\/2022\/11\/instrumental-banner-1.jpg",1200,800,false],"thumbnail":["https:\/\/austrinus.com\/wp-content\/uploads\/2022\/11\/instrumental-banner-1-150x150.jpg",150,150,true],"medium":["https:\/\/austrinus.com\/wp-content\/uploads\/2022\/11\/instrumental-banner-1-300x200.jpg",300,200,true],"medium_large":["https:\/\/austrinus.com\/wp-content\/uploads\/2022\/11\/instrumental-banner-1-768x512.jpg",640,427,true],"large":["https:\/\/austrinus.com\/wp-content\/uploads\/2022\/11\/instrumental-banner-1-1024x683.jpg",640,427,true],"1536x1536":["https:\/\/austrinus.com\/wp-content\/uploads\/2022\/11\/instrumental-banner-1.jpg",1200,800,false],"2048x2048":["https:\/\/austrinus.com\/wp-content\/uploads\/2022\/11\/instrumental-banner-1.jpg",1200,800,false],"trp-custom-language-flag":["https:\/\/austrinus.com\/wp-content\/uploads\/2022\/11\/instrumental-banner-1.jpg",18,12,false]},"uagb_author_info":{"display_name":"Farid","author_link":"https:\/\/austrinus.com\/en\/author\/farid\/"},"uagb_comment_info":0,"uagb_excerpt":"El aficionado cuenta con diverso instrumental astron\u00f3mico a su disposici\u00f3n para complementar sus observaciones. Sin embargo, al principio no sabemos por cu\u00e1l comenzar o qu\u00e9 considerar al momento de adquirir alguno. Los instrumentales son muy variados y cada uno tendr\u00e1 distinta utilidad de acuerdo a las necesidades propias. Las subsecciones aqu\u00ed presentadas ilustran distinto tipos&hellip;","_links":{"self":[{"href":"https:\/\/austrinus.com\/en\/wp-json\/wp\/v2\/pages\/3956","targetHints":{"allow":["GET"]}}],"collection":[{"href":"https:\/\/austrinus.com\/en\/wp-json\/wp\/v2\/pages"}],"about":[{"href":"https:\/\/austrinus.com\/en\/wp-json\/wp\/v2\/types\/page"}],"author":[{"embeddable":true,"href":"https:\/\/austrinus.com\/en\/wp-json\/wp\/v2\/users\/1"}],"replies":[{"embeddable":true,"href":"https:\/\/austrinus.com\/en\/wp-json\/wp\/v2\/comments?post=3956"}],"version-history":[{"count":2,"href":"https:\/\/austrinus.com\/en\/wp-json\/wp\/v2\/pages\/3956\/revisions"}],"predecessor-version":[{"id":6990,"href":"https:\/\/austrinus.com\/en\/wp-json\/wp\/v2\/pages\/3956\/revisions\/6990"}],"up":[{"embeddable":true,"href":"https:\/\/austrinus.com\/en\/wp-json\/wp\/v2\/pages\/98"}],"wp:featuredmedia":[{"embeddable":true,"href":"https:\/\/austrinus.com\/en\/wp-json\/wp\/v2\/media\/6987"}],"wp:attachment":[{"href":"https:\/\/austrinus.com\/en\/wp-json\/wp\/v2\/media?parent=3956"}],"curies":[{"name":"wp","href":"https:\/\/api.w.org\/{rel}","templated":true}]}}