{"id":3950,"date":"2018-07-27T18:21:09","date_gmt":"2018-07-27T18:21:09","guid":{"rendered":"http:\/\/austrinus.com\/?page_id=3950"},"modified":"2022-11-11T02:00:41","modified_gmt":"2022-11-11T02:00:41","slug":"como-observar","status":"publish","type":"page","link":"https:\/\/austrinus.com\/en\/observacion\/como-observar\/","title":{"rendered":"How to observe"},"content":{"rendered":"<p style=\"text-align: justify;\"><img loading=\"lazy\" decoding=\"async\" class=\"alignright wp-image-3124\" src=\"http:\/\/austrinus.com\/wp-content\/uploads\/2014\/11\/observing-icon-300x225.jpg\" alt=\"\" width=\"200\" height=\"150\" \/>Observing the night sky is the main activity of a professional or amateur astronomer. Although modern astronomy contemplates many other types of observations (e.g. solar) and through technologies that go beyond the optical range (e.g. radio telescopes, infrared range, etc.), this science will continue to be defined by exploring all the objects and phenomena that occur In the universe. For an amateur, astronomical observation may be restricted to the most common element, which is whether or not to own an optical instrument.<\/p>\n<p style=\"text-align: justify;\">However, in all cases, keep in mind that observing the sky does not always require instruments: it is also possible to observe with the naked eye, which is how the ancient &quot;astronomers&quot; did, in an arduous and sacrificial task, which nevertheless allowed them to reach important conclusions, without any support other than primitive instruments.<\/p>\n<p style=\"text-align: justify;\">In this section you will find notions for different types of observation, as well as examples of practical application. If you are just getting started, it is recommended that you first take a look at the\u00a0<a href=\"http:\/\/austrinus.com\/astronomia\/tierra-entorno\/conceptos-basicos\/\">basic concepts<\/a> and <a href=\"http:\/\/austrinus.com\/observacion\/como-observar\/trucos-de-observacion\/\">observation tricks<\/a>, since this knowledge is applied transversally to any type of astronomical observation.<\/p>\n<p><strong>What can I know about astronomy just by observing?<\/strong><\/p>\n<p align=\"justify\">Observation is a very satisfactory practice, because it not only allows you to contemplate the wonders of the sky; It also allows us to deduce, from constant and patient monitoring, many phenomena that encompass the nature of the Solar System, planetary movements and the position of the Earth in space. This type of observation is what was practiced by ancient cultures that were dedicated to astronomy, such as Greeks, Egyptians, Aztecs, Mayans, etc., and which any modern amateur astronomer should dedicate some attention to, since it allows us to understand firsthand. hand the terrain in which one will move in the future. Check the subsections on the side for more information.<\/p>","protected":false},"excerpt":{"rendered":"<p>Observing the night sky is the main activity of a professional or amateur astronomer. Although modern astronomy contemplates many other types of observations (e.g. solar) and through technologies that go beyond the optical range (e.g. radio telescopes, infrared range, etc.), this science will continue to be defined by exploring all the objects and phenomena that occur \u2026<\/p>","protected":false},"author":1,"featured_media":0,"parent":98,"menu_order":0,"comment_status":"closed","ping_status":"closed","template":"","meta":{"_uag_custom_page_level_css":"","footnotes":""},"class_list":["post-3950","page","type-page","status-publish","hentry"],"magazineBlocksPostFeaturedMedia":{"thumbnail":false,"medium":false,"medium_large":false,"large":false,"1536x1536":false,"2048x2048":false,"trp-custom-language-flag":false},"magazineBlocksPostAuthor":{"name":"Farid","avatar":"https:\/\/secure.gravatar.com\/avatar\/57e8aa07b0d16e13c8408ea413c009fc7da05f4cbb36da0d568b4235b1eaee6b?s=96&r=g"},"magazineBlocksPostCommentsNumber":false,"magazineBlocksPostExcerpt":"La observaci\u00f3n del cielo nocturno es la principal actividad de un astr\u00f3nomo profesional o aficionado. Aunque la astronom\u00eda moderna contempla muchos otros tipos de observaciones (ej. solares) y mediante tecnolog\u00edas que van m\u00e1s all\u00e1 del rango \u00f3ptico (ej. radiotelescopios, rango infrarrojo, etc.), esta ciencia seguir\u00e1 defini\u00e9ndose por explorar todos los objetos y fen\u00f3menos que ocurren&hellip;","magazineBlocksPostCategories":[],"magazineBlocksPostViewCount":0,"magazineBlocksPostReadTime":2,"uagb_featured_image_src":{"full":false,"thumbnail":false,"medium":false,"medium_large":false,"large":false,"1536x1536":false,"2048x2048":false,"trp-custom-language-flag":false},"uagb_author_info":{"display_name":"Farid","author_link":"https:\/\/austrinus.com\/en\/author\/farid\/"},"uagb_comment_info":0,"uagb_excerpt":"La observaci\u00f3n del cielo nocturno es la principal actividad de un astr\u00f3nomo profesional o aficionado. Aunque la astronom\u00eda moderna contempla muchos otros tipos de observaciones (ej. solares) y mediante tecnolog\u00edas que van m\u00e1s all\u00e1 del rango \u00f3ptico (ej. radiotelescopios, rango infrarrojo, etc.), esta ciencia seguir\u00e1 defini\u00e9ndose por explorar todos los objetos y fen\u00f3menos que ocurren&hellip;","_links":{"self":[{"href":"https:\/\/austrinus.com\/en\/wp-json\/wp\/v2\/pages\/3950","targetHints":{"allow":["GET"]}}],"collection":[{"href":"https:\/\/austrinus.com\/en\/wp-json\/wp\/v2\/pages"}],"about":[{"href":"https:\/\/austrinus.com\/en\/wp-json\/wp\/v2\/types\/page"}],"author":[{"embeddable":true,"href":"https:\/\/austrinus.com\/en\/wp-json\/wp\/v2\/users\/1"}],"replies":[{"embeddable":true,"href":"https:\/\/austrinus.com\/en\/wp-json\/wp\/v2\/comments?post=3950"}],"version-history":[{"count":1,"href":"https:\/\/austrinus.com\/en\/wp-json\/wp\/v2\/pages\/3950\/revisions"}],"predecessor-version":[{"id":6029,"href":"https:\/\/austrinus.com\/en\/wp-json\/wp\/v2\/pages\/3950\/revisions\/6029"}],"up":[{"embeddable":true,"href":"https:\/\/austrinus.com\/en\/wp-json\/wp\/v2\/pages\/98"}],"wp:attachment":[{"href":"https:\/\/austrinus.com\/en\/wp-json\/wp\/v2\/media?parent=3950"}],"curies":[{"name":"wp","href":"https:\/\/api.w.org\/{rel}","templated":true}]}}