{"id":3944,"date":"2018-07-27T18:19:42","date_gmt":"2018-07-27T18:19:42","guid":{"rendered":"http:\/\/austrinus.com\/?page_id=3944"},"modified":"2025-01-17T04:39:40","modified_gmt":"2025-01-17T07:39:40","slug":"espacio-profundo","status":"publish","type":"page","link":"https:\/\/austrinus.com\/en\/espacio-profundo\/","title":{"rendered":"deep space"},"content":{"rendered":"<p align=\"justify\">Star clusters, galaxies, nebulae... they are all part of deep space, objects captured in spectacular images and located hundreds or thousands of light years away... in regions that we may never be able to explore but that will always be there, surprising us with their majesty and allowing us to know a little more of the Universe that surrounds us and continues to raise questions for us. The study of many of these objects has contributed enormously to the progress of astronomy and reveals precisely the processes responsible for keeping it active.<\/p>\n<p align=\"justify\"><img loading=\"lazy\" decoding=\"async\" class=\"wp-image-7330 alignright\" src=\"http:\/\/austrinus.com\/wp-content\/uploads\/2022\/12\/nebula-stars.jpg\" alt=\"\" width=\"500\" height=\"333\" srcset=\"https:\/\/austrinus.com\/wp-content\/uploads\/2022\/12\/nebula-stars.jpg 800w, https:\/\/austrinus.com\/wp-content\/uploads\/2022\/12\/nebula-stars-300x200.jpg 300w, https:\/\/austrinus.com\/wp-content\/uploads\/2022\/12\/nebula-stars-768x512.jpg 768w, https:\/\/austrinus.com\/wp-content\/uploads\/2022\/12\/nebula-stars-600x400.jpg 600w\" sizes=\"auto, (max-width: 500px) 100vw, 500px\" \/>Although deep space objects are conceived of as all those outside the Solar System and that are normally only visible with powerful telescopes or binoculars, such as clusters, nebulae and galaxies, in this section I have also included a section dedicated to stars and their multiple variations (binary, variables), to all processes related to stellar evolution, and to new disciplines that have emerged thanks to the observation of other stars (e.g. discoveries of exoplanets).<\/p>\n<p align=\"justify\">Thanks to the study of deep space objects, astronomy today can answer various questions about the Universe, which allow us to better understand its origin, development and hypothetical end. Concepts such as dark matter and dark energy have been possible to analyze thanks to studies on galaxies and supernovae; Star clusters, on the other hand, have allowed us to determine the position of the Sun in the Milky Way; Meanwhile, the study of different types of nebulae has been crucial in better understanding the processes of stellar evolution and extrapolating it to our own star.<\/p>\n<p align=\"justify\">Modern cosmology, which is dedicated to studying the origin and evolution of the Universe, today proposes as its main objectives to provide models to understand the Universe and answer questions such as: when and how did the Universe begin? Has it always existed? How was your material formed? Will it ever end? It is hoped that in the coming years these answers will come to light, thanks to the sustained study of deep space.<\/p>","protected":false},"excerpt":{"rendered":"<p>Star clusters, galaxies, nebulae... they are all part of deep space, objects captured in spectacular images and located hundreds or thousands of light years away... in regions that we may never be able to explore but that will always be there, surprising us with their majesty and allowing us to know a little more of the Universe that surrounds us and continues to pose us\u2026<\/p>","protected":false},"author":1,"featured_media":7329,"parent":0,"menu_order":0,"comment_status":"closed","ping_status":"closed","template":"","meta":{"_uag_custom_page_level_css":"","footnotes":""},"class_list":["post-3944","page","type-page","status-publish","has-post-thumbnail","hentry"],"magazineBlocksPostFeaturedMedia":{"thumbnail":"https:\/\/austrinus.com\/wp-content\/uploads\/2022\/12\/deep-space-banner-150x150.jpg","medium":"https:\/\/austrinus.com\/wp-content\/uploads\/2022\/12\/deep-space-banner-300x120.jpg","medium_large":"https:\/\/austrinus.com\/wp-content\/uploads\/2022\/12\/deep-space-banner-768x307.jpg","large":"https:\/\/austrinus.com\/wp-content\/uploads\/2022\/12\/deep-space-banner-1024x410.jpg","1536x1536":"https:\/\/austrinus.com\/wp-content\/uploads\/2022\/12\/deep-space-banner.jpg","2048x2048":"https:\/\/austrinus.com\/wp-content\/uploads\/2022\/12\/deep-space-banner.jpg","trp-custom-language-flag":"https:\/\/austrinus.com\/wp-content\/uploads\/2022\/12\/deep-space-banner.jpg"},"magazineBlocksPostAuthor":{"name":"Farid","avatar":"https:\/\/secure.gravatar.com\/avatar\/57e8aa07b0d16e13c8408ea413c009fc7da05f4cbb36da0d568b4235b1eaee6b?s=96&r=g"},"magazineBlocksPostCommentsNumber":false,"magazineBlocksPostExcerpt":"C\u00famulos estelares, galaxias, nebulosas&#8230; todos forman parte del espacio profundo, objetos captados en im\u00e1genes espectaculares y ubicados a cientos o miles de a\u00f1os luz&#8230; en regiones que tal vez nunca podamos explorar pero que siempre estar\u00e1n ah\u00ed, asombr\u00e1ndonos con su majestuosidad y permiti\u00e9ndonos conocer un poco m\u00e1s del Universo que nos rodea y sigue plante\u00e1ndonos&hellip;","magazineBlocksPostCategories":[],"magazineBlocksPostViewCount":0,"magazineBlocksPostReadTime":2,"uagb_featured_image_src":{"full":["https:\/\/austrinus.com\/wp-content\/uploads\/2022\/12\/deep-space-banner.jpg",1200,480,false],"thumbnail":["https:\/\/austrinus.com\/wp-content\/uploads\/2022\/12\/deep-space-banner-150x150.jpg",150,150,true],"medium":["https:\/\/austrinus.com\/wp-content\/uploads\/2022\/12\/deep-space-banner-300x120.jpg",300,120,true],"medium_large":["https:\/\/austrinus.com\/wp-content\/uploads\/2022\/12\/deep-space-banner-768x307.jpg",640,256,true],"large":["https:\/\/austrinus.com\/wp-content\/uploads\/2022\/12\/deep-space-banner-1024x410.jpg",640,256,true],"1536x1536":["https:\/\/austrinus.com\/wp-content\/uploads\/2022\/12\/deep-space-banner.jpg",1200,480,false],"2048x2048":["https:\/\/austrinus.com\/wp-content\/uploads\/2022\/12\/deep-space-banner.jpg",1200,480,false],"trp-custom-language-flag":["https:\/\/austrinus.com\/wp-content\/uploads\/2022\/12\/deep-space-banner.jpg",18,7,false]},"uagb_author_info":{"display_name":"Farid","author_link":"https:\/\/austrinus.com\/en\/author\/farid\/"},"uagb_comment_info":0,"uagb_excerpt":"C\u00famulos estelares, galaxias, nebulosas&#8230; todos forman parte del espacio profundo, objetos captados en im\u00e1genes espectaculares y ubicados a cientos o miles de a\u00f1os luz&#8230; en regiones que tal vez nunca podamos explorar pero que siempre estar\u00e1n ah\u00ed, asombr\u00e1ndonos con su majestuosidad y permiti\u00e9ndonos conocer un poco m\u00e1s del Universo que nos rodea y sigue plante\u00e1ndonos&hellip;","_links":{"self":[{"href":"https:\/\/austrinus.com\/en\/wp-json\/wp\/v2\/pages\/3944","targetHints":{"allow":["GET"]}}],"collection":[{"href":"https:\/\/austrinus.com\/en\/wp-json\/wp\/v2\/pages"}],"about":[{"href":"https:\/\/austrinus.com\/en\/wp-json\/wp\/v2\/types\/page"}],"author":[{"embeddable":true,"href":"https:\/\/austrinus.com\/en\/wp-json\/wp\/v2\/users\/1"}],"replies":[{"embeddable":true,"href":"https:\/\/austrinus.com\/en\/wp-json\/wp\/v2\/comments?post=3944"}],"version-history":[{"count":1,"href":"https:\/\/austrinus.com\/en\/wp-json\/wp\/v2\/pages\/3944\/revisions"}],"predecessor-version":[{"id":7331,"href":"https:\/\/austrinus.com\/en\/wp-json\/wp\/v2\/pages\/3944\/revisions\/7331"}],"wp:featuredmedia":[{"embeddable":true,"href":"https:\/\/austrinus.com\/en\/wp-json\/wp\/v2\/media\/7329"}],"wp:attachment":[{"href":"https:\/\/austrinus.com\/en\/wp-json\/wp\/v2\/media?parent=3944"}],"curies":[{"name":"wp","href":"https:\/\/api.w.org\/{rel}","templated":true}]}}