{"id":3942,"date":"2018-07-27T18:19:22","date_gmt":"2018-07-27T18:19:22","guid":{"rendered":"http:\/\/austrinus.com\/?page_id=3942"},"modified":"2025-01-17T05:35:00","modified_gmt":"2025-01-17T08:35:00","slug":"sistema-solar","status":"publish","type":"page","link":"https:\/\/austrinus.com\/en\/sistema-solar\/","title":{"rendered":"Solar system"},"content":{"rendered":"<p>The Solar System is our \u201ccosmic neighborhood,\u201d so to speak. It is the entire region dominated by our central star, our Sun, along with all the celestial bodies that revolve around it. In turn, the Solar System orbits around our galaxy, the Milky Way, located in one of its arms.<\/p>\n\n\n\n<div class=\"wp-block-media-text alignwide has-media-on-the-right is-stacked-on-mobile\" style=\"grid-template-columns:auto 54%\"><div class=\"wp-block-media-text__content\">\n<p>The Solar System was formed approximately 4.6 billion years ago, through a long series of processes that currently has the planets revolving around our Sun. <\/p>\n\n\n\n<p>The evolution that the Sun and the planets must have undergone dates back to a primordial gas cloud composed of 75% of hydrogen and 25% of helium, which accumulated and condensed by the action of gravity, forming large amounts of mass with defined centers.<\/p>\n<\/div><figure class=\"wp-block-media-text__media\"><img loading=\"lazy\" decoding=\"async\" width=\"800\" height=\"465\" src=\"http:\/\/austrinus.com\/wp-content\/uploads\/2022\/11\/solar-system.jpg\" alt=\"\" class=\"wp-image-7078 size-full\" srcset=\"https:\/\/austrinus.com\/wp-content\/uploads\/2022\/11\/solar-system.jpg 800w, https:\/\/austrinus.com\/wp-content\/uploads\/2022\/11\/solar-system-300x174.jpg 300w, https:\/\/austrinus.com\/wp-content\/uploads\/2022\/11\/solar-system-768x446.jpg 768w, https:\/\/austrinus.com\/wp-content\/uploads\/2022\/11\/solar-system-600x349.jpg 600w\" sizes=\"auto, (max-width: 800px) 100vw, 800px\" \/><\/figure><\/div>\n\n\n\n<p>The Sun managed to accumulate enough energy to start nuclear fusion reactions, which make it shine and remain stable. The planets, on the other hand, were formed by the accumulation of material (rocky or gaseous), by the action of gravity, in a process called <em>accretion<\/em>, managing to become the planets we know today, while others did not achieve such evolution and remained as the asteroids we know today, most of them located in the main belt between Mars and Jupiter.<\/p>\n\n\n\n<div class=\"wp-block-media-text alignwide has-media-on-the-right is-stacked-on-mobile\" style=\"grid-template-columns:auto 54%\"><div class=\"wp-block-media-text__content\">\n<p>The Solar System has numerous celestial bodies that orbit its central star, the Sun. <\/p>\n\n\n\n<p>Among these, the planets are perhaps the most recognized: <strong>Mercury, Venus, Earth, Mars, Jupiter, Saturn, Uranus<\/strong> and <strong>Neptune<\/strong>. <\/p>\n\n\n\n<p>Earth is, naturally, the planet we know best, since it is our home and the only one currently known to allow the presence of life today, thanks to various internal and external conditions that help its habitability.<\/p>\n<\/div><figure class=\"wp-block-media-text__media\"><img loading=\"lazy\" decoding=\"async\" width=\"800\" height=\"448\" src=\"http:\/\/austrinus.com\/wp-content\/uploads\/2022\/11\/solar-system-ultrawide.jpg\" alt=\"\" class=\"wp-image-7079 size-full\" srcset=\"https:\/\/austrinus.com\/wp-content\/uploads\/2022\/11\/solar-system-ultrawide.jpg 800w, https:\/\/austrinus.com\/wp-content\/uploads\/2022\/11\/solar-system-ultrawide-300x168.jpg 300w, https:\/\/austrinus.com\/wp-content\/uploads\/2022\/11\/solar-system-ultrawide-768x430.jpg 768w, https:\/\/austrinus.com\/wp-content\/uploads\/2022\/11\/solar-system-ultrawide-600x336.jpg 600w\" sizes=\"auto, (max-width: 800px) 100vw, 800px\" \/><\/figure><\/div>\n\n\n\n<p>Planets have properties that make them unique, although we can identify 2 very different classes:<\/p>\n\n\n\n<p><strong>inner planets<\/strong>: They are also called telluric or terrestrial; They correspond to the four planets closest to the Sun:&nbsp;<em>Mercury, Venus, Earth and Mars<\/em>. They are characterized by being small, high-density planets, formed mainly by rocky and metallic materials. The natural boundary between the inner and outer planets is the asteroid belt between Mars and Jupiter.<\/p>\n\n\n\n<p><strong>Outer planets<\/strong>: Also called giants or gas giants, they are those located beyond the asteroid belt: Jupiter, Saturn, Uranus and Neptune. Gaseous planets lack a solid surface. They are characterized by being huge and having low density, rotating very quickly, having ring systems and several satellites.<\/p>\n\n\n\n<!--nextpage-->\n\n\n\n<p>The concept of &quot;planet&quot; did not have a formal definition for a long time. It was only in August 2006, in a resolution adopted by the U.S.<em>International Astronomical nion<\/em>, it was decided to agree that a planet is a celestial body that meets 3 requirements:<\/p>\n\n\n\n<p><strong>1)<\/strong>\u00a0It orbits around a star or remnant of it.<br><strong>2)\u00a0<\/strong>It has enough mass for its gravity to overcome rigid body forces and reach hydrostatic (nearly spherical) equilibrium.<br><strong>3)<\/strong>\u00a0It has &quot;cleaned&quot; the vicinity of its orbit of planetesimal objects (dominance).<\/p>\n\n\n\n<p><strong>Training and evolution<\/strong><\/p>\n\n\n<div class=\"wp-block-image\">\n<figure class=\"alignright size-full is-resized\"><img loading=\"lazy\" decoding=\"async\" src=\"http:\/\/austrinus.com\/wp-content\/uploads\/2022\/11\/solar-system-formation-1.jpg\" alt=\"\" class=\"wp-image-7100\" width=\"400\" height=\"267\" title=\"Formation of the Solar System\" srcset=\"https:\/\/austrinus.com\/wp-content\/uploads\/2022\/11\/solar-system-formation-1.jpg 800w, https:\/\/austrinus.com\/wp-content\/uploads\/2022\/11\/solar-system-formation-1-300x200.jpg 300w, https:\/\/austrinus.com\/wp-content\/uploads\/2022\/11\/solar-system-formation-1-768x512.jpg 768w, https:\/\/austrinus.com\/wp-content\/uploads\/2022\/11\/solar-system-formation-1-600x400.jpg 600w\" sizes=\"auto, (max-width: 400px) 100vw, 400px\" \/><\/figure>\n<\/div>\n\n\n<p>Initially, there was a gaseous cloud or &quot;nebula&quot; composed of hydrogen, helium and dust floating in space. Due to gravitational and centrifugal action, this nebula contracted, condensed and slowly formed a hot core around which the outer part of this nebula rotated, in an accretion disk. <\/p>\n\n\n\n<p>Over time, as the core contracted more, the temperature increased and around it remained traces of dust and material that gathered together, thus forming the planets.<\/p>\n\n\n<div class=\"wp-block-image\">\n<figure class=\"alignright size-full is-resized\"><img loading=\"lazy\" decoding=\"async\" src=\"http:\/\/austrinus.com\/wp-content\/uploads\/2022\/11\/solar-system-formed.jpg\" alt=\"\" class=\"wp-image-7101\" width=\"400\" height=\"267\" title=\"Formation of the Solar System\" srcset=\"https:\/\/austrinus.com\/wp-content\/uploads\/2022\/11\/solar-system-formed.jpg 800w, https:\/\/austrinus.com\/wp-content\/uploads\/2022\/11\/solar-system-formed-300x200.jpg 300w, https:\/\/austrinus.com\/wp-content\/uploads\/2022\/11\/solar-system-formed-768x512.jpg 768w, https:\/\/austrinus.com\/wp-content\/uploads\/2022\/11\/solar-system-formed-600x400.jpg 600w\" sizes=\"auto, (max-width: 400px) 100vw, 400px\" \/><\/figure>\n<\/div>\n\n\n<p>After a while, the core of this gaseous cloud has begun the first thermonuclear reactions, through the fusion of hydrogen into helium, beginning to emerge a new bright star, our Sun, while around it the planets of this system finished forming and consolidating. ; Meanwhile, many other solid bodies that did not manage to form planets consolidated as asteroids, comets, dwarf planets or smaller bodies. <\/p>\n\n\n\n<p>Thus, once the Sun and the planets began to establish themselves, our Solar System had finally formed.<\/p>\n\n\n\n<p><strong>Solar system in balance<\/strong><\/p>\n\n\n<div class=\"wp-block-image\">\n<figure class=\"alignright size-full is-resized\"><img loading=\"lazy\" decoding=\"async\" src=\"http:\/\/austrinus.com\/wp-content\/uploads\/2022\/11\/solar-system-wide.jpg\" alt=\"\" class=\"wp-image-7103\" width=\"400\" height=\"266\" srcset=\"https:\/\/austrinus.com\/wp-content\/uploads\/2022\/11\/solar-system-wide.jpg 800w, https:\/\/austrinus.com\/wp-content\/uploads\/2022\/11\/solar-system-wide-300x200.jpg 300w, https:\/\/austrinus.com\/wp-content\/uploads\/2022\/11\/solar-system-wide-768x511.jpg 768w, https:\/\/austrinus.com\/wp-content\/uploads\/2022\/11\/solar-system-wide-600x399.jpg 600w\" sizes=\"auto, (max-width: 400px) 100vw, 400px\" \/><\/figure>\n<\/div>\n\n\n<p>Our Sun is currently in balance. Nuclear fusion reactions, where 4 hydrogen atoms combine to form 1 helium atom, are constant and undisturbed. <\/p>\n\n\n\n<p>Every second, 700 million tons of hydrogen are transformed into helium, and the radiated energy is stable, without affecting the planets around it; The planets are already consolidated and the frequent impacts of asteroids ceased a long time ago, whose craters are now only a memory, although the possibility of a considerable impact occurring again on a planet (including Earth) exists.<\/p>\n\n\n\n<p>The Solar System moves slowly around our galaxy, the Milky Way, over a period of 225 million years. Currently the Sun is in its maturity stage; It has already lived for 5,000 million years and still has another 5,000 million years left.<\/p>","protected":false},"excerpt":{"rendered":"<p>The Solar System is our &quot;cosmic neighborhood,&quot; so to speak. It&#039;s the entire region dominated by our central star, our Sun, along with all the celestial bodies that revolve around it. In turn, the Solar System orbits our galaxy, the Milky Way, located in one of its arms. The\u2026<\/p>","protected":false},"author":1,"featured_media":7077,"parent":0,"menu_order":0,"comment_status":"closed","ping_status":"closed","template":"","meta":{"_uag_custom_page_level_css":"","footnotes":""},"class_list":["post-3942","page","type-page","status-publish","has-post-thumbnail","hentry"],"magazineBlocksPostFeaturedMedia":{"thumbnail":"https:\/\/austrinus.com\/wp-content\/uploads\/2022\/11\/solar-system-banner-150x150.jpg","medium":"https:\/\/austrinus.com\/wp-content\/uploads\/2022\/11\/solar-system-banner-300x97.jpg","medium_large":"https:\/\/austrinus.com\/wp-content\/uploads\/2022\/11\/solar-system-banner-768x248.jpg","large":"https:\/\/austrinus.com\/wp-content\/uploads\/2022\/11\/solar-system-banner-1024x331.jpg","1536x1536":"https:\/\/austrinus.com\/wp-content\/uploads\/2022\/11\/solar-system-banner.jpg","2048x2048":"https:\/\/austrinus.com\/wp-content\/uploads\/2022\/11\/solar-system-banner.jpg","trp-custom-language-flag":"https:\/\/austrinus.com\/wp-content\/uploads\/2022\/11\/solar-system-banner.jpg"},"magazineBlocksPostAuthor":{"name":"Farid","avatar":"https:\/\/secure.gravatar.com\/avatar\/57e8aa07b0d16e13c8408ea413c009fc7da05f4cbb36da0d568b4235b1eaee6b?s=96&r=g"},"magazineBlocksPostCommentsNumber":false,"magazineBlocksPostExcerpt":"El&nbsp;Sistema Solar es nuestro \u00abvecindario c\u00f3smico\u00bb, por llamarlo de alguna manera. Es toda la regi\u00f3n que est\u00e1 dominada por nuestra estrella central, nuestro Sol, junto a todos los cuerpos celestes que&nbsp;giran a su alrededor. A su vez, el Sistema Solar orbitando alrededor de nuestra galaxia, la V\u00eda L\u00e1ctea, ubic\u00e1ndose en uno de sus brazos. El&hellip;","magazineBlocksPostCategories":[],"magazineBlocksPostViewCount":0,"magazineBlocksPostReadTime":5,"uagb_featured_image_src":{"full":["https:\/\/austrinus.com\/wp-content\/uploads\/2022\/11\/solar-system-banner.jpg",1200,388,false],"thumbnail":["https:\/\/austrinus.com\/wp-content\/uploads\/2022\/11\/solar-system-banner-150x150.jpg",150,150,true],"medium":["https:\/\/austrinus.com\/wp-content\/uploads\/2022\/11\/solar-system-banner-300x97.jpg",300,97,true],"medium_large":["https:\/\/austrinus.com\/wp-content\/uploads\/2022\/11\/solar-system-banner-768x248.jpg",640,207,true],"large":["https:\/\/austrinus.com\/wp-content\/uploads\/2022\/11\/solar-system-banner-1024x331.jpg",640,207,true],"1536x1536":["https:\/\/austrinus.com\/wp-content\/uploads\/2022\/11\/solar-system-banner.jpg",1200,388,false],"2048x2048":["https:\/\/austrinus.com\/wp-content\/uploads\/2022\/11\/solar-system-banner.jpg",1200,388,false],"trp-custom-language-flag":["https:\/\/austrinus.com\/wp-content\/uploads\/2022\/11\/solar-system-banner.jpg",18,6,false]},"uagb_author_info":{"display_name":"Farid","author_link":"https:\/\/austrinus.com\/en\/author\/farid\/"},"uagb_comment_info":0,"uagb_excerpt":"El&nbsp;Sistema Solar es nuestro \u00abvecindario c\u00f3smico\u00bb, por llamarlo de alguna manera. Es toda la regi\u00f3n que est\u00e1 dominada por nuestra estrella central, nuestro Sol, junto a todos los cuerpos celestes que&nbsp;giran a su alrededor. A su vez, el Sistema Solar orbitando alrededor de nuestra galaxia, la V\u00eda L\u00e1ctea, ubic\u00e1ndose en uno de sus brazos. El&hellip;","_links":{"self":[{"href":"https:\/\/austrinus.com\/en\/wp-json\/wp\/v2\/pages\/3942","targetHints":{"allow":["GET"]}}],"collection":[{"href":"https:\/\/austrinus.com\/en\/wp-json\/wp\/v2\/pages"}],"about":[{"href":"https:\/\/austrinus.com\/en\/wp-json\/wp\/v2\/types\/page"}],"author":[{"embeddable":true,"href":"https:\/\/austrinus.com\/en\/wp-json\/wp\/v2\/users\/1"}],"replies":[{"embeddable":true,"href":"https:\/\/austrinus.com\/en\/wp-json\/wp\/v2\/comments?post=3942"}],"version-history":[{"count":1,"href":"https:\/\/austrinus.com\/en\/wp-json\/wp\/v2\/pages\/3942\/revisions"}],"predecessor-version":[{"id":7110,"href":"https:\/\/austrinus.com\/en\/wp-json\/wp\/v2\/pages\/3942\/revisions\/7110"}],"wp:featuredmedia":[{"embeddable":true,"href":"https:\/\/austrinus.com\/en\/wp-json\/wp\/v2\/media\/7077"}],"wp:attachment":[{"href":"https:\/\/austrinus.com\/en\/wp-json\/wp\/v2\/media?parent=3942"}],"curies":[{"name":"wp","href":"https:\/\/api.w.org\/{rel}","templated":true}]}}