{"id":102,"date":"2014-12-08T19:48:52","date_gmt":"2014-12-08T19:48:52","guid":{"rendered":"http:\/\/dev.austrinus.com\/?page_id=102"},"modified":"2018-07-27T21:50:43","modified_gmt":"2018-07-27T21:50:43","slug":"divulgacion","status":"publish","type":"page","link":"https:\/\/austrinus.com\/en\/divulgacion\/","title":{"rendered":"Divulgation"},"content":{"rendered":"<p style=\"text-align: justify;\"><img loading=\"lazy\" decoding=\"async\" class=\"alignright\" src=\"http:\/\/austrinus.com\/iconos\/icono_mitos.png\" alt=\"Divulgaci\u00f3n\" width=\"150\" height=\"45\" \/>In a world where the appreciation of science and technology is increasingly important for our progress as a society, astronomy is a science that is not far behind. Nowadays there are various resources to disseminate astronomy to the public, communicating it in an accessible and educational way, to adults and children.<\/p>\n<p style=\"text-align: justify;\"><img loading=\"lazy\" decoding=\"async\" class=\"alignright\" src=\"http:\/\/austrinus.com\/iconos\/icono_argonavis.png\" alt=\"Argo Navis\" width=\"150\" height=\"45\" \/>In this section I bring together various informative content that I have been developing individually or jointly, since this is one of the areas that occupy much of my time as an amateur astronomer.<\/p>\n<p style=\"text-align: justify;\">In the side column you will find subsections to the following areas:<\/p>\n<p style=\"text-align: justify;\"><strong>\u2013 Myths and pseudoscience<\/strong>: Scientific demystification of myths, pseudosciences and false rumors related to astronomy, analyzed and explained.<\/p>\n<p style=\"text-align: justify;\"><strong>\u2013 Argo Navis Magazine<\/strong>: Online astronomy magazine, published bimonthly between April 2005 and December 2008, with two printed editions.<\/p>\n<p style=\"text-align: justify;\"><strong>\u2013 Astronomical tests<\/strong>: Small astronomy knowledge tests so you can test what you know, in multiple choice format.<\/p>\n<p style=\"text-align: justify;\"><strong>- Press releases<\/strong>: Articles or appearances in the press with informative astronomical content (they do not constitute paper-type publications).<\/p>\n<div style=\"text-align: justify;\">\u00a0Besides all this,\u00a0<em>Austrinus<\/em>\u00a0Every month there is an astronomy article, covering a particular area of this exciting science. You can see the complete file by entering the section\u00a0<a href=\"http:\/\/austrinus.com\/index.php\/articulos\">Articles<\/a>.<\/div>","protected":false},"excerpt":{"rendered":"<p>In a world where the appreciation of science and technology is increasingly important for our progress as a society, astronomy is a science that is not far behind. Nowadays there are various resources to disseminate astronomy to the public, communicating it in an accessible and educational way, to adults and children. In\u2026<\/p>","protected":false},"author":1,"featured_media":0,"parent":0,"menu_order":0,"comment_status":"closed","ping_status":"closed","template":"","meta":{"_uag_custom_page_level_css":"","footnotes":""},"class_list":["post-102","page","type-page","status-publish","hentry"],"magazineBlocksPostFeaturedMedia":{"thumbnail":false,"medium":false,"medium_large":false,"large":false,"1536x1536":false,"2048x2048":false,"trp-custom-language-flag":false},"magazineBlocksPostAuthor":{"name":"Farid","avatar":"https:\/\/secure.gravatar.com\/avatar\/57e8aa07b0d16e13c8408ea413c009fc7da05f4cbb36da0d568b4235b1eaee6b?s=96&r=g"},"magazineBlocksPostCommentsNumber":false,"magazineBlocksPostExcerpt":"En un mundo donde la valoraci\u00f3n por la ciencia y la tecnolog\u00eda es cada vez m\u00e1s importante para nuestro progreso como sociedad, la astronom\u00eda es una ciencia que no se queda atr\u00e1s. Hoy en d\u00eda existen variados recursos para divulgar la astronom\u00eda al p\u00fablico, comunic\u00e1ndola de modo accesible y did\u00e1ctico, a grandes y chicos. En&hellip;","magazineBlocksPostCategories":[],"magazineBlocksPostViewCount":0,"magazineBlocksPostReadTime":2,"uagb_featured_image_src":{"full":false,"thumbnail":false,"medium":false,"medium_large":false,"large":false,"1536x1536":false,"2048x2048":false,"trp-custom-language-flag":false},"uagb_author_info":{"display_name":"Farid","author_link":"https:\/\/austrinus.com\/en\/author\/farid\/"},"uagb_comment_info":0,"uagb_excerpt":"En un mundo donde la valoraci\u00f3n por la ciencia y la tecnolog\u00eda es cada vez m\u00e1s importante para nuestro progreso como sociedad, la astronom\u00eda es una ciencia que no se queda atr\u00e1s. Hoy en d\u00eda existen variados recursos para divulgar la astronom\u00eda al p\u00fablico, comunic\u00e1ndola de modo accesible y did\u00e1ctico, a grandes y chicos. En&hellip;","_links":{"self":[{"href":"https:\/\/austrinus.com\/en\/wp-json\/wp\/v2\/pages\/102","targetHints":{"allow":["GET"]}}],"collection":[{"href":"https:\/\/austrinus.com\/en\/wp-json\/wp\/v2\/pages"}],"about":[{"href":"https:\/\/austrinus.com\/en\/wp-json\/wp\/v2\/types\/page"}],"author":[{"embeddable":true,"href":"https:\/\/austrinus.com\/en\/wp-json\/wp\/v2\/users\/1"}],"replies":[{"embeddable":true,"href":"https:\/\/austrinus.com\/en\/wp-json\/wp\/v2\/comments?post=102"}],"version-history":[{"count":1,"href":"https:\/\/austrinus.com\/en\/wp-json\/wp\/v2\/pages\/102\/revisions"}],"predecessor-version":[{"id":2818,"href":"https:\/\/austrinus.com\/en\/wp-json\/wp\/v2\/pages\/102\/revisions\/2818"}],"wp:attachment":[{"href":"https:\/\/austrinus.com\/en\/wp-json\/wp\/v2\/media?parent=102"}],"curies":[{"name":"wp","href":"https:\/\/api.w.org\/{rel}","templated":true}]}}